{"id":9216,"date":"2026-03-16T11:13:34","date_gmt":"2026-03-16T10:13:34","guid":{"rendered":"https:\/\/cursosanpegalicia.es\/?post_type=product&#038;p=9216"},"modified":"2026-04-10T13:36:48","modified_gmt":"2026-04-10T11:36:48","slug":"202602-herramientas-digitales-y-su-integracion-en-el-aula","status":"publish","type":"product","link":"https:\/\/cursosanpegalicia.es\/es\/curso\/202602-herramientas-digitales-y-su-integracion-en-el-aula\/","title":{"rendered":"Herramientas digitales y su integraci\u00f3n en el aula"},"content":{"rendered":"<p style=\"text-align: center;\"><a href=\"https:\/\/cursosanpegalicia.es\/wp-content\/uploads\/2026\/03\/PUBLIWEB_FERR_DIXIT_MAI26.png\"><img loading=\"lazy\" class=\"alignnone wp-image-9219\" src=\"https:\/\/cursosanpegalicia.es\/wp-content\/uploads\/2026\/03\/PUBLIWEB_FERR_DIXIT_MAI26-768x768.png\" alt=\"\" width=\"500\" height=\"500\" \/><\/a><\/p>\n<p><span style=\"color: #000000;\">A aula dixital forma parte da nosa realidade educativa. A integraci\u00f3n de diversas aplicaci\u00f3ns interactivas foma parte activa no desenvolvemento das tarefas que se levan a cabo nas aulas en todas as etapas do ensino. A <\/span><span style=\"color: #000000;\">dixitalizaci\u00f3n educativa xa est\u00e1 presente nas programaci\u00f3ns did\u00e1cticas, polo que \u00e9 imprescindible o co\u00f1ecemento e a adquisic\u00f3n de contidos, metodolox\u00edas, materiais e t\u00e9cnicas espec\u00edficas para acadar unha competencia real no seu uso. <strong>Nesta actividade de formaci\u00f3n en rede, todos\/as os\/as asistentes ter\u00e1n a oportunidade de co\u00f1ecer, integrar e aplicar para a aula, diversas ferramentas e recursos dixitais que melloran e transforman os usos e principios did\u00e1cticos existentes no que se refire \u00e1 tecnolox\u00eda educativa<\/strong>.<\/span><\/p>\n<p>&nbsp;<\/p>\n<h3><span style=\"color: #000000;\"><strong>Competencia Dixital Docente<\/strong><\/span><\/h3>\n<p>Esta actividade \u00e9 v\u00e1lida para acreditar o <strong>nivel B1<\/strong> nas seguintes \u00e1reas:<\/p>\n<ul>\n<li>Contidos dixitais (<strong>\u00e1rea 2<\/strong>).<\/li>\n<li>Desenvolvemento da competencia dixital do alumnado (<strong>\u00e1rea 6<\/strong>).<\/li>\n<\/ul>\n<p>Seg\u00fan o ACORDO asinado entre a Conseller\u00eda de Educaci\u00f3n e a nosa organizaci\u00f3n sindical o 11 de otubro de 2023, \u00ab<em>transcorridos seis anos desde a sinatura (&#8230;), para o perfeccionamento do compo\u00f1ente do complemento espec\u00edfico por formaci\u00f3n, <strong>requirirase que o profesorado te\u00f1a acadado o nivel B1 de competencia dixital docente<\/strong><\/em>\u00ab.<\/p>\n<h3><span style=\"color: #000000;\"><strong>Obxectivos<\/strong><\/span><\/h3>\n<ul>\n<li>Co\u00f1ecer, integrar e aplicar na aula distintas ferramentas e recursos dixitais para a mellora, transformaci\u00f3n, aumento ou substituci\u00f3n de enfoques did\u00e1cticos existentes.<\/li>\n<li>Adquirir e mobilizar as competencias dixitais docentes para a creaci\u00f3n e elaboraci\u00f3n de recursos dixitais propios facilitando por medio das mesmas o empoderamento do alumnado.<\/li>\n<li>Analizar, de forma cr\u00edtica, a integraci\u00f3n, posibilidades e limitaci\u00f3ns de uso das ferramentas dixitais na aula.<\/li>\n<\/ul>\n<h3><strong><span style=\"color: #000000;\">Contidos<\/span><\/strong><\/h3>\n<ul>\n<li>O uso das TIC nas aulas actuais. Posibilidades e enfoques de aplicaci\u00f3n.<\/li>\n<li>Utilizaci\u00f3n de ferramentas de mellora e aumento no proceso de innovaci\u00f3n. Utilizaci\u00f3n de Flippity na aula. Integraci\u00f3n de din\u00e1micas activas por medio de ferramentas dixitais.<\/li>\n<li>Posibilidades dos v\u00eddeos did\u00e1cticos. Principios b\u00e1sicos sobre edici\u00f3n e manexo de editores de v\u00eddeo.<\/li>\n<li>Montaxe de v\u00eddeos simples empregando elementos como cortes, transici\u00f3ns, montaxe e modificaci\u00f3n sinxela de audio. Creaci\u00f3n de t\u00edtulos, subt\u00edtulos e cr\u00e9ditos. Efectos b\u00e1sicos.<\/li>\n<li>Dese\u00f1o de contidos interactivos dixitais integrables en LMS. O caso do H5P como veh\u00edculo de acceso aos contidos curriculares.<\/li>\n<li>Dese\u00f1o e planificaci\u00f3n de actividades por medio de H5P autocorrixibles. Posibilidades de combinaci\u00f3n con metarrecursos H5P. Uso de libros dixitais propios elaborados por este medio.<\/li>\n<\/ul>\n<p><span style=\"color: #0000ff;\"><strong>IMPORTANTE<\/strong><\/span>: Para o m\u00f3dulo de edici\u00f3n de v\u00eddeo, recom\u00e9ndase o uso dun equipo cos seguintes requisitios m\u00ednimos de potencia: CPU i7, 16GB de RAM ou equivalente.<\/p>\n<h3><strong><span style=\"color: #000000;\">Titor<\/span><\/strong><\/h3>\n<ul>\n<li style=\"text-align: justify;\"><strong>Fernando Gonz\u00e1lez Bao<\/strong>, mestre en Educaci\u00f3n Primaria no CEIP Campomaior (Ordes &#8211; A Coru\u00f1a), especializado en Procesos de Formaci\u00f3n. Foi Asesor do departamento de Educaci\u00f3n Dixital do CAFI (C\u00edrculo Platega). Titor de cursos de ensino mixto, actualizaci\u00f3n de ferramentas tecnol\u00f3xicas para docentes, as\u00ed como li\u00f1as de rob\u00f3tica e ofim\u00e1tica en PFPP.<\/li>\n<\/ul>\n<h3><strong>Como preinscribirse<\/strong><\/h3>\n<ol>\n<li>No apartado QUENDAS, seleccione a data desta actividade.<\/li>\n<li>Pulse en ENGADIR AO CARRI\u00d1O.<\/li>\n<li>Pulse no icono da esquina superior dereita e logo en FINALIZAR PREINSCRICI\u00d3N.<\/li>\n<li>Se xa se inscribiu anteriormente nalgunha das nosas actividades acceda co seu NOME DE USUARIO (NIF) e CONTRASINAL e sega as instruci\u00f3ns* que aparecen en pantalla.<\/li>\n<li>Se \u00e9 a primeira vez que se inscribe nos nosos cursos complete os datos no apartado <a href=\"https:\/\/cursosanpegalicia.es\/a-mina-conta\/\" target=\"_blank\" rel=\"noopener\">REXISTRARSE<\/a> (NIF, correo electr\u00f3nico e Contrasinal) e pulse en REXISTRARSE. <span style=\"color: #0000ff;\"><strong>IMPORTANTE<\/strong><\/span>: Despois de enviar estes datos, <strong>recibir\u00e1 unha mensaxe no seu correo electr\u00f3nico cunha ligaz\u00f3n que deber\u00e1 pulsar para activar a s\u00faa conta de forma definitiva<\/strong>. <span style=\"color: #0000ff;\">Revise a carpeta de <strong>SPAM<\/strong> se non a atopa na de entrada<\/span>. Por \u00faltimo, repita os pasos 1, 2 e 3 e, tras anotar o seu NOME DE USUARIO e CONTRASINAL, sega as instruci\u00f3ns* que aparecen en pantalla.<\/li>\n<\/ol>\n<p>*Todos os <strong>usuarios <\/strong>deben achegar documentaci\u00f3n espec\u00edfica durante o proceso de preinscrici\u00f3n desta actividade (unha copia do seu NIF e un documento que mostre a s\u00faa situaci\u00f3n laboral (docentes) &#8211;<span style=\"color: #0000ff;\">cunha copia dunha n\u00f3mina ou cabeceira desta, nomeamento ou captura de pantalla de datos persoais<\/span>-, ou unha <span style=\"color: #0000ff;\">copia da titulaci\u00f3n acad\u00e9mica<\/span> para titulados\/as sen experiencia docente).<\/p>\n<p><strong>Unha vez enviada a preinscrici\u00f3n, po\u00f1er\u00e9monos en contacto con vostede para formalizar a s\u00faa matr\u00edcula e realizar o pago correspondente.<\/strong><\/p>\n<p>Se ten alg\u00fanha d\u00fabida ou problema, contacte directamente por correo electr\u00f3nico con <strong>ANPE Ourense<\/strong> (988255852 &#8211; <span style=\"color: #0000ff;\">ourense@anpe.es<\/span>).<\/p>\n","protected":false},"excerpt":{"rendered":"<p><mark class=\"et-highlight back-active\" style=\"background-color: 065418;\">MATRICULA ABERTA<\/mark>Actividade de formaci\u00f3n a distancia para co\u00f1ecer, integrar e implementar un conxunto de aplicaci\u00f3ns que servir\u00e1n para acadar unha utilidade pr\u00e1ctica e efectiva no desenvolvemento do noso traballo como docentes, as\u00ed como no fomento da participaci\u00f3n activa do alumnado. NIVEL B1 (\u00e1reas 2 e 6) de Certificaci\u00f3n Dixital Docente.<\/p>\n","protected":false},"featured_media":0,"template":"","meta":[],"_links":{"self":[{"href":"https:\/\/cursosanpegalicia.es\/es\/wp-json\/wp\/v2\/product\/9216"}],"collection":[{"href":"https:\/\/cursosanpegalicia.es\/es\/wp-json\/wp\/v2\/product"}],"about":[{"href":"https:\/\/cursosanpegalicia.es\/es\/wp-json\/wp\/v2\/types\/product"}],"wp:attachment":[{"href":"https:\/\/cursosanpegalicia.es\/es\/wp-json\/wp\/v2\/media?parent=9216"}],"curies":[{"name":"wp","href":"https:\/\/api.w.org\/{rel}","templated":true}]}}