{"id":8482,"date":"2025-09-26T11:09:00","date_gmt":"2025-09-26T09:09:00","guid":{"rendered":"https:\/\/cursosanpegalicia.es\/?post_type=product&#038;p=8482"},"modified":"2025-10-03T12:09:14","modified_gmt":"2025-10-03T10:09:14","slug":"iniciacion-deportes-educacion-secundaria-sp","status":"publish","type":"product","link":"https:\/\/cursosanpegalicia.es\/es\/curso\/iniciacion-deportes-educacion-secundaria-sp\/","title":{"rendered":"Iniciaci\u00f3n a los deportes en la Educaci\u00f3n Secundaria"},"content":{"rendered":"<p style=\"text-align: center;\"><a href=\"https:\/\/cursosanpegalicia.es\/wp-content\/uploads\/2025\/09\/curso_inic_deportes_secundaria.png\"><img loading=\"lazy\" class=\"alignnone wp-image-8488\" src=\"https:\/\/cursosanpegalicia.es\/wp-content\/uploads\/2025\/09\/curso_inic_deportes_secundaria-768x1365.png\" alt=\"\" width=\"500\" height=\"889\" \/><\/a><\/p>\n<p>Dotar de habilidades para a realizaci\u00f3n e posta en pr\u00e1ctica de unidades did\u00e1cticas que permitan implementar acci\u00f3ns de cooperaci\u00f3n entre centros educativos facilitando coas mesmas un traballo coordinado.<\/p>\n<h3><span style=\"color: #000000;\"><strong>Obxectivos<\/strong><\/span><\/h3>\n<ul>\n<li>Co\u00f1ecemento das estratexias b\u00e1sicas na elaboraci\u00f3n de unidades did\u00e1cticas de iniciaci\u00f3n os deportes.<\/li>\n<li>Co\u00f1ecer as fases b\u00e1sicas na iniciaci\u00f3n did\u00e1ctica nos deportes no contexto educativo.<\/li>\n<\/ul>\n<h3><strong><span style=\"color: #000000;\">Contidos<\/span><\/strong><\/h3>\n<ul>\n<li>PROPOSTA DE UNIDADE DID\u00c1CTICA NA ESO\n<ul>\n<li>INICIACI\u00d3N AO HIP HOP NA ESO\n<ul>\n<li>O hip hop como referencia.<\/li>\n<\/ul>\n<\/li>\n<li>INICIACI\u00d3N \u00c1 CALISTENIA NA ESO\n<ul>\n<li>A calistemia como referencia<\/li>\n<li>Metodolox\u00eda de adestramento<\/li>\n<li>Exercicios b\u00e1sicos, explicaci\u00f3n fisiol\u00f3xica e pr\u00e1ctica<\/li>\n<\/ul>\n<\/li>\n<\/ul>\n<\/li>\n<\/ul>\n<h3><strong><span style=\"color: #000000;\">Relatores\/as<\/span><\/strong><\/h3>\n<ul>\n<li style=\"text-align: justify;\"><strong>Eloi Fern\u00e1ndez Gonz\u00e1lez<\/strong>, adestrador persoal titulado especializado en calistenia. Atleta a nivel internacional e vixente campi\u00f3n mundial da especialidade.<\/li>\n<li style=\"text-align: justify;\"><strong>Daniel Su\u00e1rez Fern\u00e1ndez<\/strong>, bailar\u00edn especializado en danzas urbanas (Hip-hop Freestyle). Core\u00f3grafo da Compa\u00f1\u00eda de Danza e Teatro El Profe.<\/li>\n<li style=\"text-align: justify;\"><strong>Nerea Su\u00e1rez Fern\u00e1ndez<\/strong>, graduada en educaci\u00f3n infantil e primaria. Bailarina especializada en Danzas Urbanas. Profesora titular de danza urbana no club deportivo Da Vigo<strong><br \/>\n<\/strong><\/li>\n<\/ul>\n<h3><strong>Como preinscribirse<\/strong><\/h3>\n<ol>\n<li>No apartado QUENDA, seleccione a data desta actividade.<\/li>\n<li>Pulse en ENGADIR AO CARRI\u00d1O.<\/li>\n<li>Pulse no icono da esquina superior dereita e logo en FINALIZAR PREINSCRICI\u00d3N.<\/li>\n<li>Se xa se inscribiu anteriormente nalgunha das nosas actividades acceda co seu NOME DE USUARIO (NIF) e CONTRASINAL e sega as instruci\u00f3ns* que aparecen en pantalla.<\/li>\n<li>Se \u00e9 a primeira vez que se inscribe nos nosos cursos, complete os datos no apartado <a href=\"https:\/\/cursosanpegalicia.es\/a-mina-conta\/\" target=\"_blank\" rel=\"noopener\">REXISTRARSE<\/a> (NIF, correo electr\u00f3nico e Contrasinal) e pulse en REXISTRARSE. <span style=\"color: #0000ff;\"><strong>IMPORTANTE<\/strong><\/span>: Despois de enviar estes datos, <strong>recibir\u00e1 unha mensaxe no seu correo electr\u00f3nico cunha ligaz\u00f3n que deber\u00e1 pulsar para activar a s\u00faa conta de forma definitiva<\/strong>. <span style=\"color: #0000ff;\">Revise a carpeta de <strong>SPAM<\/strong> se non a atopa na de entrada<\/span>. Por \u00faltimo, repita os pasos 1, 2 e 3 e, tras anotar o seu NOME DE USUARIO e CONTRASINAL, sega as intruci\u00f3ns* que aparecen en pantalla.<\/li>\n<li style=\"list-style-type: none;\"><\/li>\n<\/ol>\n<p>*<strong>Todas as persoas inscritas<\/strong> deberan aportar documentaci\u00f3n espec\u00edfica durante o proceso de rexistro (unha copia do seu NIF e un documento que mostre a s\u00faa situaci\u00f3n laboral &#8211; <span style=\"color: #0000ff;\">unha copia dunha n\u00f3mina ou cabeceira desta, un nomeamento, unha captura de pantalla de datos persoais<\/span>&#8211; ou acad\u00e9mica &#8211;<span style=\"color: #0000ff;\">t\u00edtulo universitario<\/span>&#8211; se se trata de persoas non docentes).<\/p>\n<p><strong>Unha vez enviada a preinscrici\u00f3n, ANPE Pontevedra po\u00f1erase en contacto con vostede para formalizar a s\u00faa matr\u00edcula e realizar o pago correspondente.<\/strong><\/p>\n<p>Si tienes alg\u00fan problema o duda sobre esta actividad contacta directamente con ANPE Pontevedra ( <span style=\"color: #0000ff;\">986437043-pontevedra@anpe.es<\/span> )<\/p>\n","protected":false},"excerpt":{"rendered":"<p><mark class=\"et-highlight back-active\" style=\"background-color: 065418;\">MATR\u00cdCULA ABERTA<\/mark><\/p>\n<p>Actividade homologada de formaci\u00f3n do profesorado organizada por ANPE PONTEVEDRA na modalidade de curso.<\/p>\n","protected":false},"featured_media":0,"template":"","meta":[],"_links":{"self":[{"href":"https:\/\/cursosanpegalicia.es\/es\/wp-json\/wp\/v2\/product\/8482"}],"collection":[{"href":"https:\/\/cursosanpegalicia.es\/es\/wp-json\/wp\/v2\/product"}],"about":[{"href":"https:\/\/cursosanpegalicia.es\/es\/wp-json\/wp\/v2\/types\/product"}],"wp:attachment":[{"href":"https:\/\/cursosanpegalicia.es\/es\/wp-json\/wp\/v2\/media?parent=8482"}],"curies":[{"name":"wp","href":"https:\/\/api.w.org\/{rel}","templated":true}]}}