{"id":8470,"date":"2025-09-23T13:39:49","date_gmt":"2025-09-23T11:39:49","guid":{"rendered":"https:\/\/cursosanpegalicia.es\/curso\/iniciacion-deportes-educacion-primaria\/"},"modified":"2025-09-25T12:23:52","modified_gmt":"2025-09-25T10:23:52","slug":"iniciacion-deportes-educacion-primaria-sp","status":"publish","type":"product","link":"https:\/\/cursosanpegalicia.es\/es\/curso\/iniciacion-deportes-educacion-primaria-sp\/","title":{"rendered":"Iniciaci\u00f3n a los deportes en Educaci\u00f3n Primaria"},"content":{"rendered":"<p style=\"text-align: center;\"><a href=\"https:\/\/cursosanpegalicia.es\/wp-content\/uploads\/2025\/09\/Folleto-curso-iniciacion-aos-deportes-primaria-2025-3.png\"><img loading=\"lazy\" class=\"alignnone wp-image-8447\" src=\"https:\/\/cursosanpegalicia.es\/wp-content\/uploads\/2025\/09\/Folleto-curso-iniciacion-aos-deportes-primaria-2025-3-768x1365.png\" alt=\"\" width=\"500\" height=\"889\" \/><\/a><\/p>\n<p>Dotar de habilidades para a realizaci\u00f3n e posta en pr\u00e1ctica de unidades did\u00e1cticas que permitan implementar acci\u00f3ns de cooperaci\u00f3n entre centros educativos facilitando coas mesmas un traballo coordinado.<\/p>\n<h3><span style=\"color: #000000;\"><strong>Obxectivos<\/strong><\/span><\/h3>\n<ul>\n<li>Co\u00f1ecemento das estratexias b\u00e1sicas na elaboraci\u00f3n de unidades did\u00e1cticas de iniciaci\u00f3n os deportes.<\/li>\n<li>Co\u00f1ecer as fases b\u00e1sicas na iniciaci\u00f3n did\u00e1ctica nos deportes no contexto educativo.<\/li>\n<\/ul>\n<h3><strong><span style=\"color: #000000;\">Contidos<\/span><\/strong><\/h3>\n<ul>\n<li>PROPOSTA DE UNIDADE DID\u00c1CTICA PARA 3\u00ba EDUCACI\u00d3N PRIMARIA\n<ul>\n<li>INICIACI\u00d3N AOS DEPORTES DE AGARRE NA ESCOLA\n<ul>\n<li>A loita ol\u00edmpica como referencia.<\/li>\n<li>Xogos motores adaptados aos deportes de agarre.<\/li>\n<\/ul>\n<\/li>\n<li>INICIACI\u00d3N AOS DEPORTES DE RAQUETA. O B\u00c1DMINTON NA ESCOLA\n<ul>\n<li>O b\u00e1dminton como referencia.<\/li>\n<li>Xogos motores adaptados aos deportes de raqueta.<\/li>\n<\/ul>\n<\/li>\n<\/ul>\n<\/li>\n<li>PROPOSTA DE UNIDADE DID\u00c1CTICA PARA 4\u00ba EDUCACI\u00d3N PRIMARIA\n<ul>\n<li>INICIACI\u00d3N AO ATLETISMO NA ESCOLA\n<ul>\n<li>O atletismo en pista como referencia.<\/li>\n<li>Xogos motores adaptados ao atletismo.<\/li>\n<\/ul>\n<\/li>\n<li>INICIACI\u00d3N AO BALONM\u00c1N NA ESCOLA\n<ul>\n<li>O balonm\u00e1n como referencia.<\/li>\n<li>Xogos alternativos.<\/li>\n<\/ul>\n<\/li>\n<li>INICIACI\u00d3N AO BALONKORF NA ESCOLA\n<ul>\n<li>O balonkorf como referencia.<\/li>\n<\/ul>\n<\/li>\n<\/ul>\n<\/li>\n<li>PROPOSTA DE UNIDADE DID\u00c1CTICA PARA 5\u00ba DE EDUCACI\u00d3N PRIMARIA\n<ul>\n<li>INICIACI\u00d3N AO VOLEIBOL NA ESCOLA\n<ul>\n<li>O voleibol como referencia.<\/li>\n<li>Xogos alternativos.<\/li>\n<\/ul>\n<\/li>\n<li>INICIACI\u00d3N O PICKLEBALL NA ESCOLA\n<ul>\n<li>O pickleball como referencia.<\/li>\n<\/ul>\n<\/li>\n<\/ul>\n<\/li>\n<li>PROPOSTA DE ENCONTRO MULTIDEPORTIVO PARA 6\u00ba EDUCACI\u00d3N PRIMARIA<\/li>\n<\/ul>\n<h3><strong><span style=\"color: #000000;\">Relatores\/as<\/span><\/strong><\/h3>\n<ul>\n<li style=\"text-align: justify;\"><strong>Ana Alonso Fragua<\/strong>, graduada en ciencias da Actividade F\u00edsica e do Deporte e M\u00e1ster en Alto Rendemento Deportivo. Adestradora da A.D Carballal Divisi\u00f3n de Honra Feminina de balonm\u00e1n e analista de v\u00eddeo da Selecci\u00f3n Espa\u00f1ola Absoluta Feminina de Balonm\u00e1n.<\/li>\n<li style=\"text-align: justify;\"><strong>Juan Jos\u00e9 Mart\u00ednez Ord\u00f3nez<\/strong>, Instrutor de Kung-Fu cintur\u00f3n negro 4\u00ba Dan da Federaci\u00f3n Galega de Kung -Fu. Adestrador de Defensa Persoal Feminina Nivel 1.<\/li>\n<li style=\"text-align: justify;\"><strong>Jos\u00e9 Carlos Otero L\u00f3pez<\/strong>, licenciado en pedagox\u00eda e instrutor de Pickleball pola Federaci\u00f3n Espa\u00f1ola de Tenis e membro fundador da Asociaci\u00f3n de Pickleball de Galicia (APIGA).<\/li>\n<li style=\"text-align: justify;\"><strong>Xan Rodi\u00f1o Garc\u00eda<\/strong>, Licenciado en Ciencias da Educaci\u00f3n. Certificado de profesionalidade en Animaci\u00f3n de actividades f\u00edsico-deportivas e recreativas.<strong><br \/>\n<\/strong><\/li>\n<\/ul>\n<h3><strong>Como preinscribirse<\/strong><\/h3>\n<ol>\n<li>No apartado QUENDA, seleccione a data desta actividade.<\/li>\n<li>Pulse en ENGADIR AO CARRI\u00d1O.<\/li>\n<li>Pulse no icono da esquina superior dereita e logo en FINALIZAR PREINSCRICI\u00d3N.<\/li>\n<li>Se xa se inscribiu anteriormente nalgunha das nosas actividades acceda co seu NOME DE USUARIO (NIF) e CONTRASINAL e sega as instruci\u00f3ns* que aparecen en pantalla.<\/li>\n<li>Se \u00e9 a primeira vez que se inscribe nos nosos cursos, complete os datos no apartado <a href=\"https:\/\/cursosanpegalicia.es\/a-mina-conta\/\" target=\"_blank\" rel=\"noopener\">REXISTRARSE<\/a> (NIF, correo electr\u00f3nico e Contrasinal) e pulse en REXISTRARSE. <span style=\"color: #0000ff;\"><strong>IMPORTANTE<\/strong><\/span>: Despois de enviar estes datos, <strong>recibir\u00e1 unha mensaxe no seu correo electr\u00f3nico cunha ligaz\u00f3n que deber\u00e1 pulsar para activar a s\u00faa conta de forma definitiva<\/strong>. <span style=\"color: #0000ff;\">Revise a carpeta de <strong>SPAM<\/strong> se non a atopa na de entrada<\/span>. Por \u00faltimo, repita os pasos 1, 2 e 3 e, tras anotar o seu NOME DE USUARIO e CONTRASINAL, sega as intruci\u00f3ns* que aparecen en pantalla.<\/li>\n<li style=\"list-style-type: none;\"><\/li>\n<\/ol>\n<p>*<strong>Todas as persoas inscritas<\/strong>\u00a0deberan aportar documentaci\u00f3n espec\u00edfica durante o proceso de rexistro (unha copia do seu NIF e un documento que mostre a s\u00faa situaci\u00f3n laboral &#8211; <span style=\"color: #0000ff;\">unha copia dunha n\u00f3mina ou cabeceira desta, un nomeamento, unha captura de pantalla de datos persoais<\/span>&#8211; ou acad\u00e9mica &#8211;<span style=\"color: #0000ff;\">t\u00edtulo universitario<\/span>&#8211; se se trata de persoas non docentes).<\/p>\n<p><strong>Unha vez enviada a preinscrici\u00f3n, ANPE Pontevedra po\u00f1erase en contacto con vostede para formalizar a s\u00faa matr\u00edcula e realizar o pago correspondente.<\/strong><\/p>\n<p>Se ten alg\u00fan problema ou d\u00fabida sobre esta actividade, contacte directamente con ANPE Pontevedra (<span style=\"color: #0000ff;\">986437043- pontevedra@anpe.es<\/span>)<\/p>\n","protected":false},"excerpt":{"rendered":"<p><mark class=\"et-highlight back-active\" style=\"background-color: 065418;\">MATR\u00cdCULA ABERTA<\/mark><\/p>\n<p>Actividade homologada de formaci\u00f3n do profesorado organizada por ANPE PONTEVEDRA na modalidade de curso.<\/p>\n","protected":false},"featured_media":0,"template":"","meta":[],"_links":{"self":[{"href":"https:\/\/cursosanpegalicia.es\/es\/wp-json\/wp\/v2\/product\/8470"}],"collection":[{"href":"https:\/\/cursosanpegalicia.es\/es\/wp-json\/wp\/v2\/product"}],"about":[{"href":"https:\/\/cursosanpegalicia.es\/es\/wp-json\/wp\/v2\/types\/product"}],"wp:attachment":[{"href":"https:\/\/cursosanpegalicia.es\/es\/wp-json\/wp\/v2\/media?parent=8470"}],"curies":[{"name":"wp","href":"https:\/\/api.w.org\/{rel}","templated":true}]}}