{"id":7990,"date":"2025-03-21T12:23:13","date_gmt":"2025-03-21T11:23:13","guid":{"rendered":"https:\/\/cursosanpegalicia.es\/?post_type=product&#038;p=7990"},"modified":"2025-04-01T12:57:37","modified_gmt":"2025-04-01T10:57:37","slug":"primeros-auxilios-ourense-2025","status":"publish","type":"product","link":"https:\/\/cursosanpegalicia.es\/es\/curso\/primeros-auxilios-ourense-2025\/","title":{"rendered":"Primeros auxilios en los centros educativos &#8211; Ourense"},"content":{"rendered":"<p style=\"text-align: center;\"><a href=\"https:\/\/cursosanpegalicia.es\/wp-content\/uploads\/2025\/03\/primeiros_aux_anpe_ourense.jpg\"><img loading=\"lazy\" class=\"alignnone wp-image-7996\" src=\"https:\/\/cursosanpegalicia.es\/wp-content\/uploads\/2025\/03\/primeiros_aux_anpe_ourense-768x960.jpg\" alt=\"Curso primeiros auxilios OURENSE\" width=\"500\" height=\"625\" \/><\/a><\/p>\n<p>Curso onde se tratar\u00e1n aspectos sobre Primeiros Auxilios, RCP, Soporte Vital B\u00e1sico, &#8230; proporcionando formaci\u00f3n e informaci\u00f3n, tanto te\u00f3rica como pr\u00e1ctica, que axudar\u00e1n aos docentes na atenci\u00f3n a persoas enfermas ou accidentadas.<\/p>\n<h3><span style=\"color: #000000;\"><strong>Obxectivos<\/strong><\/span><\/h3>\n<ul>\n<li>Dotar de habilidades para a atenci\u00f3n inmediata nunha situaci\u00f3n de alteraci\u00f3n brusca da sa\u00fade de xeito que o impacto sexa o menor posible, sen po\u00f1er en risco a seguridade propia.<\/li>\n<li>Manexo b\u00e1sico de situaci\u00f3ns de urxencia e emerxencia: primeiros auxilios elementais e soporte vital b\u00e1sico.<\/li>\n<li>Manexo das alteraci\u00f3ns da sa\u00fade m\u00e1is frecuentes na infancia e adolescencia: traumatismos, convulsi\u00f3ns, alteraci\u00f3ns respiratorias.<\/li>\n<li>Manexo da patolox\u00eda non urxente: corpo estra\u00f1o, ca\u00eddas, febre, queimaduras, pequenos sangrados.<\/li>\n<li>Protexer, avisar, socorrer: entrenamento nos pilares b\u00e1sicos da atenci\u00f3n urxente.<\/li>\n<li>Practicar as manobras b\u00e1sicas de urxencia: Posici\u00f3n Lateral de Seguridade, Manobra de Heimlich, Manobras de Recuperaci\u00f3n Cardiopulmonar (RCP),<\/li>\n<\/ul>\n<h3><strong><span style=\"color: #000000;\">Contidos<\/span><\/strong><\/h3>\n<div><strong>7 MAIO <\/strong><\/div>\n<div>16:00h a 17:00h Conduta PAS.<\/div>\n<div>17:00h a 18:00h PLS (Posici\u00f3n Lateral de Seguridade) y OVACE (Obstrucci\u00f3n de V\u00edas A\u00e9reas por Cuerpo Extra\u00f1o).<\/div>\n<div>18:00 a 18:30h Descanso.<\/div>\n<div>18:30h a 19:30h RCP adulto e pedi\u00e1trico.<\/div>\n<div>19:30h a 20:00h Simulacro evacuaci\u00f3n.<\/div>\n<div><\/div>\n<div><strong>8 MAIO<\/strong><\/div>\n<div>16:00h a 17:00h Uso DESA (Desfibrilador Externo Semiautom\u00e1tico) e accesorios.<\/div>\n<div>17:00h a 18:00h Urxencias traum\u00e1ticas.<\/div>\n<div>18:00 a 18:30h Descanso.<\/div>\n<div>18:30h a 19:30h O botiqu\u00edn e a medicaci\u00f3n de urxencia.<\/div>\n<div>19:30h a 20:00h Avaliaci\u00f3n e enquisa.<\/div>\n<h3><strong><span style=\"color: #000000;\">Relator<\/span><\/strong><\/h3>\n<ul>\n<li style=\"text-align: justify;\"><strong>Brais Ramos L\u00f3pez<\/strong><\/li>\n<\/ul>\n<h3><strong>Como preinscribirse<\/strong><\/h3>\n<ol>\n<li>No apartado QUENDA, seleccione a data desta actividade.<\/li>\n<li>Pulse en ENGADIR AO CARRI\u00d1O.<\/li>\n<li>Pulse no icono da esquina superior dereita e logo en FINALIZAR PREINSCRICI\u00d3N.<\/li>\n<li>Se xa se inscribiu anteriormente nalgunha das nosas actividades acceda co seu NOME DE USUARIO (NIF) e CONTRASINAL e sega as instruci\u00f3ns* que aparecen en pantalla.<\/li>\n<li>Se \u00e9 a primeira vez que se inscribe nos nosos cursos, complete os datos no apartado <a href=\"https:\/\/cursosanpegalicia.es\/a-mina-conta\/\" target=\"_blank\" rel=\"noopener\">REXISTRARSE<\/a> (NIF, correo electr\u00f3nico e Contrasinal) e pulse en REXISTRARSE. <span style=\"color: #0000ff;\"><strong>IMPORTANTE<\/strong><\/span>: Despois de enviar estes datos, <strong>recibir\u00e1 unha mensaxe no seu correo electr\u00f3nico cunha ligaz\u00f3n que deber\u00e1 pulsar para activar a s\u00faa conta de forma definitiva<\/strong>. <span style=\"color: #0000ff;\">Revise a carpeta de <strong>SPAM<\/strong> se non a atopa na de entrada<\/span>. Por \u00faltimo, repita os pasos 1, 2 e 3 e, tras anotar o seu NOME DE USUARIO e CONTRASINAL, sega as intruci\u00f3ns* que aparecen en pantalla.<\/li>\n<li style=\"list-style-type: none;\"><\/li>\n<\/ol>\n<p>*<strong>Todas as persoas inscritas<\/strong> deberan aportar documentaci\u00f3n espec\u00edfica durante o proceso de rexistro (unha copia do seu NIF e un documento que mostre a s\u00faa situaci\u00f3n laboral &#8211; <span style=\"color: #0000ff;\">unha copia dunha n\u00f3mina ou cabeceira desta, un nomeamento, unha captura de pantalla de datos persoais<\/span>&#8211; ou acad\u00e9mica).<\/p>\n<p><strong>Unha vez enviada a preinscrici\u00f3n, ANPE Ourense po\u00f1erase en contacto con vostede para formalizar a s\u00faa matr\u00edcula e realizar o pago correspondente.<\/strong><\/p>\n<p>Se ten alg\u00fan problema ou d\u00fabida sobre esta actividade, contacte directamente con ANPE Ourense (<span style=\"color: #0000ff;\">988255852 &#8211; ourense@anpe.es<\/span>)<\/p>\n","protected":false},"excerpt":{"rendered":"<p><mark class=\"et-highlight back-active\" style=\"background-color: 065418;\">MATR\u00cdCULA ABERTA<\/mark><\/p>\n<p>Actividade homologada de formaci\u00f3n do profesorado organizada por ANPE OURENSE na modalidade de curso.<\/p>\n","protected":false},"featured_media":0,"template":"","meta":[],"_links":{"self":[{"href":"https:\/\/cursosanpegalicia.es\/es\/wp-json\/wp\/v2\/product\/7990"}],"collection":[{"href":"https:\/\/cursosanpegalicia.es\/es\/wp-json\/wp\/v2\/product"}],"about":[{"href":"https:\/\/cursosanpegalicia.es\/es\/wp-json\/wp\/v2\/types\/product"}],"wp:attachment":[{"href":"https:\/\/cursosanpegalicia.es\/es\/wp-json\/wp\/v2\/media?parent=7990"}],"curies":[{"name":"wp","href":"https:\/\/api.w.org\/{rel}","templated":true}]}}