{"id":6573,"date":"2024-09-10T11:40:10","date_gmt":"2024-09-10T09:40:11","guid":{"rendered":"https:\/\/cursosanpegalicia.es\/?post_type=product&#038;p=6573"},"modified":"2024-09-17T10:52:46","modified_gmt":"2024-09-17T08:52:46","slug":"xxvii-jornadas-de-educacion-inteligencia-artificial-en-educacion","status":"publish","type":"product","link":"https:\/\/cursosanpegalicia.es\/es\/curso\/xxvii-jornadas-de-educacion-inteligencia-artificial-en-educacion\/","title":{"rendered":"XXVII Jornadas de Docencia. Inteligencia artificial en la educaci\u00f3n. Hacia un aprendizaje inteligente"},"content":{"rendered":"<p style=\"text-align: center;\"><img loading=\"lazy\" class=\"alignnone wp-image-6605\" src=\"https:\/\/cursosanpegalicia.es\/wp-content\/uploads\/2024\/09\/XORNADAS_ENSINO_FINAL-scaled.jpg\" alt=\"\" width=\"370\" height=\"523\"><\/p>\n<h3 style=\"text-align: center;\"><\/h3>\n<p> Curso de formaci\u00f3n do profesorado, que versar\u00e1 sobre <strong>Intelixencia Artificial<\/strong> como t\u00e9cnica que nos permite empregar diversos recursos e ferramentas na <strong>aula<\/strong> que axudar\u00e1n aos docentes a motivar aos alumnos, personalizar as actividades e contidos en funci\u00f3n das necesidades de cada estudante, favorecer a adquisici\u00f3n de co\u00f1ecementos e mellorar a atenci\u00f3n e tam\u00e9n como recurso para a liberaci\u00f3n de traballo burocr\u00e1tico. <\/p>\n<h3><span style=\"color: #000000;\"><strong>Programa<\/strong><\/span><\/h3>\n<a href=\"https:\/\/cursosanpegalicia.es\/wp-content\/uploads\/2024\/09\/PROGRAMA_XXVII_XOR_LUGO_final.pdf\" class=\"pdfemb-viewer\" style=\"\" data-width=\"max\" data-height=\"max\"  data-toolbar=\"bottom\" data-toolbar-fixed=\"off\">PROGRAMA XXVII XORNADAS - LUGO<br\/><\/a>\n<h3><span style=\"color: #000000;\"><strong>Obxectivos<\/strong><\/span><\/h3>\n<ul>\n<li>Introducir a Intelixencia Artificial (IA) como complemento ou soporte \u00e1 comunidade educativa e que novas habilidades est\u00e1 demandando a democratizaci\u00f3n do ensino.<\/li>\n<li>Entender as posibilidades que nos ofrece a IA no mundo da educaci\u00f3n.<\/li>\n<li>Mostrar as posibilidades que nos ofrece aos\/\u00e1s docentes a introduci\u00f3n da intelixencia artificial xenerativa, tanto para a creaci\u00f3n de recursos educativos como para a liberaci\u00f3n de traballo burocr\u00e1tico.<\/li>\n<li>Reflectir dende una perspectiva cr\u00edtica non s\u00f3 sobre as vantaxes, sen\u00f3n tam\u00e9n dos perigos que a intelixencia artificial conleva para o noso alumnado, e a importancia de sermos gu\u00edas neste \u00e1mbito..<\/li>\n<\/ul>\n<h3><strong><span style=\"color: #000000;\">Contidos<\/span><\/strong><\/h3>\n<ol>\n<li>Compartir as oportunidades que para estudiantes, docentes e comunidade educativa pode supo\u00f1er a revoluci\u00f3n provocada pola intelixencia artificial.<\/li>\n<li>Descubriremos como a IA pode axudarche nas t\u00faas clases, actividades e as\u00ed mellorar a experiencia educativa do teu alumnado.<\/li>\n<li>A intelixencia artificial xenerativa no \u00e1mbito educativo.<\/li>\n<li>Ferramentas de intelixencia artificial motivadoras para o alumnado.<\/li>\n<li>Experiencias de aula concretas da man do alumnado.<\/li>\n<li>Aplicaci\u00f3n da IA para avaliaci\u00f3n, informes e cuesti\u00f3ns burocr\u00e1ticas.<\/li>\n<\/ol>\n<h3><strong><span style=\"color: #000000;\">Relatores\/as<\/span><\/strong><\/h3>\n<ul>\n<li style=\"text-align: justify;\"><strong>Miguel Ouro Mosquera<\/strong><\/li>\n<li style=\"text-align: justify;\"><strong>Adri\u00e1n Laureda Le\u00f3n<\/strong><\/li>\n<li style=\"text-align: justify;\"><strong>Francisco Javier Bellas Bouza<\/strong><\/li>\n<li style=\"text-align: justify;\"><strong>Suevia Outeda Sueiro<\/strong><\/li>\n<li style=\"text-align: justify;\"><strong>M\u00aa Luisa Moreda Leirado<\/strong><\/li>\n<li style=\"text-align: justify;\"><strong>Hugo Costa Bouzada<\/strong><\/li>\n<li style=\"text-align: justify;\"><strong>Miguel Angel Rodr\u00edguez Rodr\u00edguez<\/strong><\/li>\n<li style=\"text-align: justify;\"><strong>Francisco Venzal\u00e1 Gonz\u00e1lez <\/strong><\/li>\n<\/ul>\n<h3><strong>Como preinscribirse<\/strong><\/h3>\n<ol>\n<li>No apartado TURNOS, seleccione a data desta actividade.<\/li>\n<li>Pulse en ENGADIR AO CARRI\u00d1O.<\/li>\n<li>Pulse no icono da esquina superior dereita e logo en FINALIZAR PREINSCRICI\u00d3N.<\/li>\n<li>Se xa se inscribiu anteriormente nalgunha das nosas actividades acceda co seu NOME DE USUARIO (NIF) e CONTRASINAL e sega as instruci\u00f3ns* que aparecen en pantalla.<\/li>\n<li>Se \u00e9 a primeira vez que se inscribe nos nosos cursos, complete os datos no apartado <a href=\"https:\/\/cursosanpegalicia.es\/a-mina-conta\/\" target=\"_blank\" rel=\"noopener\">REXISTRARSE<\/a> (NIF, correo electr\u00f3nico e Contrasinal) e pulse en REXISTRARSE. <span style=\"color: #0000ff;\"><strong>IMPORTANTE<\/strong><\/span>: Despois de enviar estes datos, <strong>recibir\u00e1 unha mensaxe no seu correo electr\u00f3nico cunha ligaz\u00f3n que deber\u00e1 pulsar para activar a s\u00faa conta de forma definitiva<\/strong>. <span style=\"color: #0000ff;\">Revise a carpeta de <strong>SPAM<\/strong> se non a atopa na de entrada<\/span>. Por \u00faltimo, repita os pasos 1, 2 e 3 e, tras anotar o seu NOME DE USUARIO e CONTRASINAL, sega as intruci\u00f3ns* que aparecen en pantalla.<\/li>\n<li style=\"list-style-type: none;\">\n<\/li>\n<\/ol>\n<p> *<strong>Todas as persoas inscritas<\/strong> deberan aportar documentaci\u00f3n espec\u00edfica durante o proceso de rexistro (unha copia do seu NIF e un documento que mostre a s\u00faa situaci\u00f3n laboral &#8211; <span style=\"color: #0000ff;\">unha copia dunha n\u00f3mina ou cabeceira desta, un nomeamento, unha captura de pantalla de datos persoais<\/span>&#8211; ou acad\u00e9mica). <strong>Unha vez enviada a preinscrici\u00f3n, ANPE Lugo po\u00f1erase en contacto con vostede para formalizar a s\u00faa matr\u00edcula e realizar o pago correspondente.<\/strong> Se ten alg\u00fanha d\u00fabida sobre esta actividade, contacte directamente con ANPE Lugo (982227912 &#8211; lugo@anpe.es)<\/p>\n","protected":false},"excerpt":{"rendered":"<p><mark class=\"et-highlight back-active\" style=\"background-color: 065418;\">MATR\u00cdCULA ABERTA<\/mark> Actividade homologada de formaci\u00f3n do profesorado organizada por ANPE LUGO na modalidade de Xornadas.<\/p>\n","protected":false},"featured_media":0,"template":"","meta":[],"_links":{"self":[{"href":"https:\/\/cursosanpegalicia.es\/es\/wp-json\/wp\/v2\/product\/6573"}],"collection":[{"href":"https:\/\/cursosanpegalicia.es\/es\/wp-json\/wp\/v2\/product"}],"about":[{"href":"https:\/\/cursosanpegalicia.es\/es\/wp-json\/wp\/v2\/types\/product"}],"wp:attachment":[{"href":"https:\/\/cursosanpegalicia.es\/es\/wp-json\/wp\/v2\/media?parent=6573"}],"curies":[{"name":"wp","href":"https:\/\/api.w.org\/{rel}","templated":true}]}}