{"id":6143,"date":"2024-03-18T18:00:14","date_gmt":"2024-03-18T17:00:14","guid":{"rendered":"https:\/\/cursosanpegalicia.es\/?post_type=product&#038;p=6143"},"modified":"2024-04-10T19:12:50","modified_gmt":"2024-04-10T17:12:50","slug":"ix-xornadas-ensino-novos-tempos","status":"publish","type":"product","link":"https:\/\/cursosanpegalicia.es\/es\/curso\/ix-xornadas-ensino-novos-tempos\/","title":{"rendered":"IX Jornadas de Educaci\u00f3n. Nuevos tiempos, nuevos retos educativos"},"content":{"rendered":"<p style=\"text-align: center;\"><img loading=\"lazy\" class=\"alignnone size-medium_large wp-image-6206\" src=\"https:\/\/cursosanpegalicia.es\/wp-content\/uploads\/2024\/03\/IX_XORNADAS_POSTER-1-768x433.png\" alt=\"IX XORNADAS ENSINO\" width=\"768\" height=\"433\"><\/p>\n<p><span style=\"color: #000000;\">Xornadas organizadas por ANPE Coru\u00f1a nas que se presentar\u00e1n e desenvolver\u00e1n contidos relacionadas cos cambios m\u00e1is salientables na nosa sociedade e a s\u00faa influencia no ensino p\u00fablico da nosa comunidade. Contaremos coa participaci\u00f3n de diferentes persoas especialistas e co\u00f1eceremos experiencias innovadoras no contexto educativo galego.<\/span><\/p>\n<h3><span style=\"color: #000000;\"><strong>Obxectivos<\/strong><\/span><\/h3>\n<ul>\n<li>Mostrar as demandas principais do ensino actual dentro do \u00e1mbito educativo e administrativo.<\/li>\n<li>Reflexionar sobre diversos contidos de car\u00e1cter did\u00e1ctico \u00fatiles para as nosas aulas.<\/li>\n<li>Debater a trav\u00e9s de propostas concretas os retos do ensino p\u00fablico galego para os vindeiros anos.<\/li>\n<\/ul>\n<h3><strong><span style=\"color: #000000;\">Contidos<\/span><\/strong><\/h3>\n<ol>\n<li>Tecnolox\u00eda na aula. Os podcasts<\/li>\n<li>Proxectos de innovaci\u00f3n no ensino galego: Os polos creativos<\/li>\n<li>XIA: Xesti\u00f3n da Inclusi\u00f3n na Aula<\/li>\n<li>As altas capacidades nas aulas: Actuaci\u00f3n e xesti\u00f3n<\/li>\n<li>Novos retos para o profesorado galego no ensino do futur0<\/li>\n<\/ol>\n<h3><strong><span style=\"color: #000000;\">Relatores\/as<\/span><\/strong><\/h3>\n<ul>\n<li style=\"text-align: justify;\"><strong>Aser \u00c1lvarez Gonz\u00e1lez, <\/strong>Licenciado en Ciencias Pol\u00edticas e Xornalismo e especialista en Comunicaci\u00f3n Audiovisual.<\/li>\n<li style=\"text-align: justify;\"><strong>L\u00eddia G\u00f3mez Boga, <\/strong>Mestra especialista en Educaci\u00f3n Primaria no CEIP Pluriling\u00fce Graxal (Cambre &#8211; A Coru\u00f1a).<\/li>\n<li style=\"text-align: justify;\"><strong>Carmen Mar\u00eda Pomar Tojo, <\/strong>Doutora en Psicolox\u00eda Infantil na Universidade de Santiago de Compostela.<\/li>\n<li style=\"text-align: justify;\"><strong>F\u00e1tima Rodr\u00edguez Eiroa, <\/strong>Mestra de Educaci\u00f3n Infantil no CEIP de Pr\u00e1cticas L\u00f3pez Ferreiro (Santiago de Compostela).<\/li>\n<li style=\"text-align: justify;\"><strong>Julio C\u00e9sar Trashorras de la Fuente, <\/strong>Vicepresidente de ANPE Galicia.<strong><br \/>\n<\/strong><\/li>\n<\/ul>\n<h3><strong>Como preinscribirse<\/strong><\/h3>\n<ol>\n<li>No apartado TURNOS, seleccione a data desta actividade.<\/li>\n<li>Pulse en ENGADIR AO CARRI\u00d1O.<\/li>\n<li>Pulse no icono da esquina superior dereita e logo en FINALIZAR PREINSCRICI\u00d3N.<\/li>\n<li>Se xa se inscribiu anteriormente nalgunha das nosas actividades acceda co seu NOME DE USUARIO (NIF) e CONTRASINAL e sega as instruci\u00f3ns* que aparecen en pantalla.<\/li>\n<li>Se \u00e9 a primeira vez que se inscribe nos nosos cursos complete os datos no apartado <a href=\"https:\/\/cursosanpegalicia.es\/a-mina-conta\/\">REXISTRARSE<\/a> (NIF, correo electr\u00f3nico e Contrasinal) e pulse en REXISTRARSE. <span style=\"color: #0000ff;\"><strong>IMPORTANTE<\/strong><\/span>: Despois de enviar estes datos, <strong>recibir\u00e1 unha mensaxe no seu correo electr\u00f3nico cunha ligaz\u00f3n que deber\u00e1 pulsar para activar a s\u00faa conta de forma definitiva<\/strong>. <span style=\"color: #0000ff;\">Revise a carpeta de <strong>SPAM<\/strong> se non a atopa na de entrada<\/span>. Por \u00faltimo, repita os pasos 1, 2 e 3 e, tras anotar o seu NOME DE USUARIO e CONTRASINAL, sega as intruci\u00f3ns* que aparecen en pantalla.<\/li>\n<\/ol>\n<p>*Todos os <strong>usuarios <\/strong>deben achegar documentaci\u00f3n espec\u00edfica durante o proceso de preinscrici\u00f3n desta actividade (unha copia do seu NIF e un documento que mostre a s\u00faa situaci\u00f3n laboral (docentes) &#8211;<span style=\"color: #0000ff;\">cunha copia dunha n\u00f3mina ou cabeceira desta, nomeamento ou captura de pantalla de datos persoais<\/span>&#8211; , ou unha <span style=\"color: #0000ff;\">copia da titulaci\u00f3n acad\u00e9mica<\/span> para titulados\/as sen experiencia docente).<\/p>\n<p><strong>Unha vez enviada a preinscrici\u00f3n, po\u00f1er\u00e9monos en contacto con vostede para formalizar a s\u00faa matr\u00edcula e realizar o pago correspondente.<\/strong><\/p>\n<p>Se ten alg\u00fanha d\u00fabida sobre esta actividade, contacte directamente coa Secretar\u00eda de Formaci\u00f3n de ANPE Galicia (formacion@anpegalicia.es).<\/p>\n","protected":false},"excerpt":{"rendered":"<p><mark class=\"et-highlight back-active\" style=\"background-color: 065418;\">MATR\u00cdCULA ABERTA &#8211; AFORO LIMITADO<\/mark><\/p>\n<p>Actividade homologada de formaci\u00f3n do profesorado organizada por ANPE CORU\u00d1A na modalidade de Xornadas.<\/p>\n","protected":false},"featured_media":0,"template":"","meta":[],"_links":{"self":[{"href":"https:\/\/cursosanpegalicia.es\/es\/wp-json\/wp\/v2\/product\/6143"}],"collection":[{"href":"https:\/\/cursosanpegalicia.es\/es\/wp-json\/wp\/v2\/product"}],"about":[{"href":"https:\/\/cursosanpegalicia.es\/es\/wp-json\/wp\/v2\/types\/product"}],"wp:attachment":[{"href":"https:\/\/cursosanpegalicia.es\/es\/wp-json\/wp\/v2\/media?parent=6143"}],"curies":[{"name":"wp","href":"https:\/\/api.w.org\/{rel}","templated":true}]}}