{"id":5594,"date":"2023-09-28T11:31:44","date_gmt":"2023-09-28T09:31:44","guid":{"rendered":"https:\/\/cursosanpegalicia.es\/?post_type=product&#038;p=5594"},"modified":"2024-05-06T10:33:39","modified_gmt":"2024-05-06T08:33:39","slug":"202401_creacion-de-contidos-para-a-aula-dixital","status":"publish","type":"product","link":"https:\/\/cursosanpegalicia.es\/es\/curso\/202401_creacion-de-contidos-para-a-aula-dixital\/","title":{"rendered":"Creaci\u00f3n de contenidos para el aula digital"},"content":{"rendered":"<p><img loading=\"lazy\" class=\"aligncenter size-full wp-image-5840\" src=\"https:\/\/cursosanpegalicia.es\/wp-content\/uploads\/2023\/09\/CONTIDOS_202401_DATAS_POSTER-e1705489388476.png\" alt=\"\" width=\"310\" height=\"437\"><\/p>\n<p style=\"text-align: justify;\"><span style=\"color: #000000;\">A utilizaci\u00f3n de ferramentas e aplicaci\u00f3ns dixitais est\u00e1 a verse reforzado a partires da evoluci\u00f3n xordida nos \u00faltimos anos. Xa sexa condicionada pola situaci\u00f3n sanitaria na que nos atopamos ou ben pola propia modernizaci\u00f3n do ensino, o profesorado at\u00f3pase fronte a un crecente n\u00famero de aplicaci\u00f3ns educativas dixitais coas que implementar contidos e tarefas para o seu traballo diario. A <\/span><span style=\"color: #000000;\">dixitalizaci\u00f3n educativa est\u00e1 a presentarse como unha prioridade dentro da evoluci\u00f3n do ensino. Da aula tradicional estamos a movernos cara a aula dixital na que novas metodolox\u00edas, procedementos e materiais pres\u00e9ntanse para o uso diario por parte de docentes e alumnado. <strong>Nesta actividade de formaci\u00f3n en rede, todos\/as os\/as asistentes ter\u00e1n a oportunidade de co\u00f1ecer, experimentar e reflexionar sobre un conxunto de ferramentas que aportan unha utilidade pr\u00e1ctica e real no desenvolvemento do noso traballo individual, as\u00ed como na participaci\u00f3n activa do alumnado<\/strong>.<\/span><\/p>\n<p>&nbsp;<\/p>\n<h3><span style=\"color: #000000;\"><strong>Competencia Dixital Docente<\/strong><\/span><\/h3>\n<p>Esta actividade \u00e9 v\u00e1lida para acreditar o <strong>nivel B1<\/strong> nas seguintes \u00e1reas:<\/p>\n<ul>\n<li>Compromiso profesional (\u00e1rea 1).<\/li>\n<li>Contidos dixitais (\u00e1rea 2).<\/li>\n<li>Ensino e aprendizaxe (\u00e1rea 3).<\/li>\n<\/ul>\n<p>Seg\u00fan o ACORDO asinado entre a Conseller\u00eda de Educaci\u00f3n e a nosa organizaci\u00f3n sindical o 11 de otubro de 2023, \u00abtranscorridos seis anos desde a sinatura (&#8230;), para o perfeccionamento do compo\u00f1ente do complemento espec\u00edfico por formaci\u00f3n, <strong>requirirase que o profesorado te\u00f1a acadado o nivel B1 de competencia dixital docente<\/strong>\u00ab.<\/p>\n<h3><span style=\"color: #000000;\"><strong>Obxectivos<\/strong><\/span><\/h3>\n<ul>\n<li>Manexar ferramentas concretas para creaci\u00f3n de contidos dixitais.<\/li>\n<li>Crear contidos dixitais propios de car\u00e1cter educativo.<\/li>\n<li>Integrar e compartir recursos dixitais de elaboraci\u00f3n propia en diferentes formatos e contextos educativos.<\/li>\n<li>Dar a co\u00f1ecer ferramentas en li\u00f1a que enriquecen o proceso de ensino- aprendizaxe do noso alumnado e lle capacita para o seu uso de forma aut\u00f3noma.<\/li>\n<\/ul>\n<h3><strong><span style=\"color: #000000;\">Contidos<\/span><\/strong><\/h3>\n<ul>\n<li>Incremento da competencia dixital docente (CDD).<\/li>\n<li>Manexo de ferramentas dixitais que permiten a interacci\u00f3n docente-discente (Padlet, Mentimeter).<\/li>\n<li>Creaci\u00f3n de recursos con ferramentas dixitais online (Canva, Genially).<\/li>\n<li>Elaboraci\u00f3n e exportaci\u00f3n de libros e c\u00f3mics dixitais con BookCreator.<\/li>\n<li>Integraci\u00f3n e difusi\u00f3n de recursos creados en entornos virtuais de aprendizaxe.<\/li>\n<\/ul>\n<h3><strong><span style=\"color: #000000;\">Ponente<\/span><\/strong><\/h3>\n<ul>\n<li style=\"text-align: justify;\"><strong>Jairo Campo<\/strong>, mestre no CEIP Virxe do Carme (Burela \u2013 Lugo) e experto en TIC e gamificaci\u00f3n.<\/li>\n<\/ul>\n<p style=\"text-align: center;\"><img loading=\"lazy\" class=\"wp-image-4484 alignnone\" src=\"https:\/\/cursosanpegalicia.es\/wp-content\/uploads\/2022\/03\/twitter.png\" alt=\"\" width=\"30\" height=\"25\">@JairoCampo_ <img loading=\"lazy\" class=\"alignnone wp-image-4483\" src=\"https:\/\/cursosanpegalicia.es\/wp-content\/uploads\/2022\/03\/instagram.jpg\" alt=\"\" width=\"50\" height=\"28\">mestrejairo_ef<\/p>\n<p>&nbsp;<\/p>\n<h3><strong>Como preinscribirse<\/strong><\/h3>\n<ol>\n<li>No apartado TURNOS, seleccione a data desta actividade.<\/li>\n<li>Pulse en ENGADIR AO CARRI\u00d1O.<\/li>\n<li>Pulse no icono da esquina superior dereita e logo en FINALIZAR PREINSCRICI\u00d3N.<\/li>\n<li>Se xa se inscribiu anteriormente nalgunha das nosas actividades acceda co seu NOME DE USUARIO (NIF) e CONTRASINAL. Se \u00e9 a primeira vez que se inscribe nos nosos cursos complete os datos para REXISTRARSE* e siga as instrucci\u00f3ns que lle saian na pantalla. <span style=\"color: #0000ff;\"><strong>IMPORTANTE<\/strong><\/span>: Despois de rematar o seu rexistro, <strong>ter\u00e1 que activar todo o proceso dende unha mensaxe que chegar\u00e1 ao seu correo electr\u00f3nico<\/strong>. <span style=\"color: #0000ff;\">Revise a carpeta de <strong>SPAM<\/strong> se non a atopa na entrada<\/span>.<\/li>\n<li>Unha vez que te\u00f1a accedido ou rexistrado, sega as instrucci\u00f3ns que aparecen en pantalla para enviar a s\u00faa inscrici\u00f3n. Lembre que todas as inscrici\u00f3ns deber\u00e1n ser validadas posteriormente segundo os criterios de acceso marcados para asistir a esta actividade de formaci\u00f3n.<\/li>\n<\/ol>\n<p>*Todos os <strong>usuarios (rexistrados e non rexistrados) <\/strong>deben aportar documentaci\u00f3n espec\u00edfica durante o proceso de preinscrici\u00f3n desta actividade (cunha copia do seu NIF e cun documento que mostre a s\u00faa situaci\u00f3n laboral &#8211;<span style=\"color: #0000ff;\">cunha copia dunha n\u00f3mina ou cabeceira desta, nomeamento ou captura de pantalla de datos persoais<\/span>&#8211; ou acad\u00e9mica).<\/p>\n<p><strong>Unha vez enviada a preinscrici\u00f3n, po\u00f1er\u00e9monos en contacto con vostede para formalizar a s\u00faa matr\u00edcula e realizar o pago correspondente.<\/strong><\/p>\n<p>Se ten alg\u00fanha d\u00fabida sobre esta actividade, contacte directamente con ANPE Galicia (formacion@anpegalicia.es).<\/p>\n","protected":false},"excerpt":{"rendered":"<p><mark class=\"et-highlight back-active\" style=\"background-color: 065418;\">CURSO REMATADO<\/mark><\/p>\n<p>Actividade de formaci\u00f3n a distancia para co\u00f1ecer, pr\u00e1cticar e reflexionar sobre un conxunto de ferramentas dixitais que aportan unha utilidade pr\u00e1ctica e real no desenvolvemento do noso traballo individual, as\u00ed como na participaci\u00f3n activa do alumnado. NIVEL B1 de Certificaci\u00f3n Dixital Docente.<\/p>\n","protected":false},"featured_media":0,"template":"","meta":[],"_links":{"self":[{"href":"https:\/\/cursosanpegalicia.es\/es\/wp-json\/wp\/v2\/product\/5594"}],"collection":[{"href":"https:\/\/cursosanpegalicia.es\/es\/wp-json\/wp\/v2\/product"}],"about":[{"href":"https:\/\/cursosanpegalicia.es\/es\/wp-json\/wp\/v2\/types\/product"}],"wp:attachment":[{"href":"https:\/\/cursosanpegalicia.es\/es\/wp-json\/wp\/v2\/media?parent=5594"}],"curies":[{"name":"wp","href":"https:\/\/api.w.org\/{rel}","templated":true}]}}