{"id":5457,"date":"2023-09-15T10:49:03","date_gmt":"2023-09-15T08:49:03","guid":{"rendered":"https:\/\/cursosanpegalicia.es\/?post_type=product&#038;p=5457"},"modified":"2023-10-23T12:34:27","modified_gmt":"2023-10-23T10:34:27","slug":"xxvi-jornadas-de-educacion","status":"publish","type":"product","link":"https:\/\/cursosanpegalicia.es\/es\/curso\/xxvi-jornadas-de-educacion\/","title":{"rendered":"XXVI Jornadas de Educaci\u00f3n. Salud Mental en la Escuela"},"content":{"rendered":"<p><img loading=\"lazy\" class=\"aligncenter wp-image-5462\" style=\"text-align: center;\" src=\"https:\/\/cursosanpegalicia.es\/wp-content\/uploads\/2023\/09\/POSTER_XXVI_XORNADAS.png\" alt=\"\" width=\"270\" height=\"381\" \/><\/p>\n<h3><span style=\"color: #000000;\"><strong>Objetivos<\/strong><\/span><\/h3>\n<ul>\n<li>Co\u00f1ecer a situaci\u00f3n do suicidio en Espa\u00f1a e, m\u00e1is especialmente, na poboaci\u00f3n adolescente.<\/li>\n<li>Diferenciar as fases da conducta suicida.<\/li>\n<li>Repasar os principais motivos de consulta en sa\u00fade mental infanto-xuvenil.<\/li>\n<li>Axudar aos docentes a identificar durante a xornada acad\u00e9mica signos\/conductas que fagan pensar en nenos e adolescentes que requiren unha atenci\u00f3n sanitaria precoz en Sa\u00fade Mental.<\/li>\n<li>Sensibilizar aos profesionais do \u00e1mbito educativo e sanitario sobre as autolesi\u00f3ns e o impacto destas nos xoves.<\/li>\n<li>Aprender a abordar estas situaci\u00f3ns, desmentindo mitos arraigados sobre o suicidio e explicando pautas de actuaci\u00f3n.<\/li>\n<li>Dotar \u00e1s\/aos asistentes de ferramentas b\u00e1sicas para o manexo de condutas autol\u00edticas.<\/li>\n<li>Detallar as funci\u00f3ns do profesor como parte do equipo terap\u00e9utico multidisciplinar no tratamento de nenos e adolescentes que precisan hospitalizaci\u00f3n (tanto parcial en hospital de d\u00eda como completa) para garantir a continuidade do proceso educativo.<\/li>\n<li>Aproveitar o espazo como un axente para a educaci\u00f3n, o ensino e a aprendizaxe.<\/li>\n<li>Potenciar a socializaci\u00f3n e a mellora do benestar emocional da comunidade educativa a trav\u00e9s da s\u00faa participaci\u00f3n.<\/li>\n<li>Facilitar un espacio participativo no que os o\u00edntes poidan expo\u00f1er as s\u00faas d\u00fabidas e\/ou compartir os distintos manexos que fixeron con experiencias similares.<\/li>\n<li>Valorar a escola como espazo de convivencia e socializaci\u00f3n de nenos e adolescentes e como infl\u00fae tanto na x\u00e9nese como no tratamento dos trastornos mentais nestes.<\/li>\n<li>Resaltar a importancia da coordinaci\u00f3n entre profesionais sanitarios e docentes para lograr una boa abordaxe do neno e adolescente con problemas de sa\u00fade mental.<\/li>\n<\/ul>\n<h3><strong><span style=\"color: #000000;\">Contenido<\/span><\/strong><\/h3>\n<ol>\n<li>Introduci\u00f3n te\u00f3rica ao concepto \u201cAutolesi\u00f3n\u201d e aos relacionados con esta conduta.<\/li>\n<li>Deteci\u00f3n de sinais de alarma.<\/li>\n<li>Intervenci\u00f3ns para o manexo das autolesi\u00f3ns no \u00e1mbito educativo.<\/li>\n<li>Desestigmatizaci\u00f3n.<\/li>\n<li>Escenarios de aprendizaxe diversos, contextualizados e abertos \u00e1 comunidade.<\/li>\n<li>Espazos para a inclusi\u00f3n e a socializaci\u00f3n.<\/li>\n<li>Prevenci\u00f3n do suicidio.<\/li>\n<\/ol>\n<h3><strong><span style=\"color: #000000;\">Relatores\/as<\/span><\/strong><\/h3>\n<ul>\n<li style=\"text-align: justify;\"><strong>M\u00aa Cristina Casal Pena<\/strong><\/li>\n<li style=\"text-align: justify;\"><strong>Mario Alberto Rivas Carro<\/strong><\/li>\n<li style=\"text-align: justify;\"><strong>Manuel Antonio Veiga Rodr\u00edguez<\/strong><\/li>\n<li style=\"text-align: justify;\"><strong>Luc\u00eda Vila Barrios<\/strong><\/li>\n<li style=\"text-align: justify;\"><strong>Xemma Ares Mouronte<\/strong><\/li>\n<li style=\"text-align: justify;\"><strong>Yolanda Barallobre Ferre\u00f1o<\/strong><\/li>\n<li style=\"text-align: justify;\"><strong>Teresa Susana V\u00e1zquez Regueira<\/strong><\/li>\n<li style=\"text-align: justify;\"><strong>Sonia Garc\u00eda G\u00f3mez<\/strong><\/li>\n<\/ul>\n<h3><strong>Como preinscribirse<\/strong><\/h3>\n<ol>\n<li>Pulse en ENGADIR AO CARRI\u00d1O.<\/li>\n<li>Pulse no icono da esquina superior dereita e logo en FINALIZAR PREINSCRICI\u00d3N.<\/li>\n<li>Se xa se inscribiu anteriormente nalgunha das nosas actividades acceda co seu NOME DE USUARIO (NIF) e CONTRASINAL. Se \u00e9 a primeira vez que se inscribe nos nosos cursos complete os datos para REXISTRARSE* e siga as instrucci\u00f3ns que lle saian na pantalla. <span style=\"color: #0000ff;\"><strong>IMPORTANTE<\/strong><\/span>: Despois de rematar o seu rexistro, <strong>ter\u00e1 que activar todo o proceso dende unha mensaxe que chegar\u00e1 ao seu correo electr\u00f3nico<\/strong>.<\/li>\n<li>Unha vez que te\u00f1a accedido ou rexistrado, sega as instrucci\u00f3ns que aparecen en pantalla para enviar a s\u00faa inscrici\u00f3n. Lembre que todas as inscrici\u00f3ns deber\u00e1n ser validadas posteriormente segundo os criterios de acceso marcadas para asistir a esta actividade de formaci\u00f3n.<\/li>\n<\/ol>\n<p>*T<strong>odos os\/as inscritos\/as<\/strong> deberan aportar documentaci\u00f3n espec\u00edfica durante o proceso de rexistro (unha copia do seu NIF e un documento que mostre a s\u00faa situaci\u00f3n laboral &#8211; <span style=\"color: #0000ff;\">unha copia dunha n\u00f3mina ou cabeceira desta, un nomeamento, unha captura de pantalla de datos persoais<\/span>&#8211; ou acad\u00e9mica).<\/p>\n<p><span style=\"color: #0000ff;\"><strong>As persoas afiliadas a SATSE deber\u00e1n po\u00f1erse en contacto directamente con ANPE Lugo para solicitar a gratuidade na inscrici\u00f3n desta actividade<\/strong><\/span>.<\/p>\n<p><strong>Unha vez enviada a preinscrici\u00f3n, ANPE Lugo po\u00f1erase en contacto con vostede para formalizar a s\u00faa matr\u00edcula e realizar o pago correspondente.<\/strong><\/p>\n<p>Se ten alg\u00fanha d\u00fabida sobre esta actividade, contacte directamente con ANPE Lugo (982227912 &#8211; lugo@anpe.es)<\/p>\n","protected":false},"excerpt":{"rendered":"<p><mark class=\"et-highlight back-active\" style=\"background-color: 065418;\">ACTIVIDAD FINALIZADA<\/mark><\/p>\n<p>Curso de formaci\u00f3n do profesorado organizado por ANPE LUGO na modalidade de Xornadas.<\/p>\n","protected":false},"featured_media":0,"template":"","meta":[],"_links":{"self":[{"href":"https:\/\/cursosanpegalicia.es\/es\/wp-json\/wp\/v2\/product\/5457"}],"collection":[{"href":"https:\/\/cursosanpegalicia.es\/es\/wp-json\/wp\/v2\/product"}],"about":[{"href":"https:\/\/cursosanpegalicia.es\/es\/wp-json\/wp\/v2\/types\/product"}],"wp:attachment":[{"href":"https:\/\/cursosanpegalicia.es\/es\/wp-json\/wp\/v2\/media?parent=5457"}],"curies":[{"name":"wp","href":"https:\/\/api.w.org\/{rel}","templated":true}]}}