{"id":5049,"date":"2022-12-16T11:15:29","date_gmt":"2022-12-16T10:15:29","guid":{"rendered":"https:\/\/cursosanpegalicia.es\/?post_type=product&#038;p=5049"},"modified":"2023-09-15T11:52:50","modified_gmt":"2023-09-15T09:52:50","slug":"como-gamificar-na-aula","status":"publish","type":"product","link":"https:\/\/cursosanpegalicia.es\/es\/curso\/como-gamificar-na-aula\/","title":{"rendered":"Como gamificar na aula"},"content":{"rendered":"<p style=\"text-align: justify;\">Curso de formaci\u00f3n do profesorado, que versar\u00e1 sobre <strong>gamificaci\u00f3n<\/strong> como t\u00e9cnica que nos permite empregar diversos recursos e ferramentas na <strong>aula<\/strong> que axudar\u00e1n aos docentes a motivar aos alumnos, personalizar as actividades e contidos en funci\u00f3n das necesidades de cada estudiante, favorecer a adquisici\u00f3n de co\u00f1ecementos e mellorar a atenci\u00f3n.<\/p>\n<h3><span style=\"color: #000000;\"><strong>Objetivos<\/strong><\/span><\/h3>\n<ul>\n<li> Co\u00f1ecer os principios fundamentais da gamificaci\u00f3n e a diferenza con outras metodolox\u00edas activas (serious games e ABJ).<\/li>\n<li>Distinguir e analizar as distintas mec\u00e1nicas que a compo\u00f1en.<\/li>\n<li>Iniciarse na configuraci\u00f3n dunha narrativa a un proxecto gamificado.<\/li>\n<li>Analizar sistemas gamificados xa dese\u00f1ados.<\/li>\n<li>Co\u00f1ecer ferramentas para implementar nunha gamificaci\u00f3n.<\/li>\n<\/ul>\n<h3><strong><span style=\"color: #000000;\">Contenido<\/span><\/strong><\/h3>\n<ol>\n<li>Adquisici\u00f3n do concepto de gamificaci\u00f3n.<\/li>\n<li>Reco\u00f1ecemento de metodolox\u00edas activas.<\/li>\n<li>An\u00e1lise das mec\u00e1nicas que compo\u00f1en un proxecto gamificado.<\/li>\n<li>Creaci\u00f3n e an\u00e1lise de narrativas para proxectos gamificados.<\/li>\n<li>Presentaci\u00f3n de ferramentas para gamificar.<\/li>\n<\/ol>\n<h3><strong><span style=\"color: #000000;\">Ponente<\/span><\/strong><\/h3>\n<ul>\n<li><strong>Jairo Campo<\/strong>, mestre no CEIP Virxe do Carme (Burela \u2013 Lugo) e experto en TIC e gamificaci\u00f3n.<\/li>\n<\/ul>\n<p style=\"text-align: center;\"><img loading=\"lazy\" class=\"wp-image-4484 alignnone\" src=\"https:\/\/cursosanpegalicia.es\/wp-content\/uploads\/2022\/03\/twitter.png\" alt=\"\" width=\"30\" height=\"25\">@JairoCampo_ <img loading=\"lazy\" class=\"alignnone wp-image-4483\" src=\"https:\/\/cursosanpegalicia.es\/wp-content\/uploads\/2022\/03\/instagram.jpg\" alt=\"\" width=\"50\" height=\"28\">mestrejairo_ef<\/p>\n<h3><strong>Como preinscribirse<\/strong><\/h3>\n<ol>\n<li>Pulse en ENGADIR AO CARRI\u00d1O.<\/li>\n<li>Pulse no icono da esquina superior dereita e logo en FINALIZAR PREINSCRICI\u00d3N.<\/li>\n<li>Se xa se inscribiu anteriormente nalgunha das nosas actividades acceda co seu NOME DE USUARIO (NIF) e CONTRASINAL. Se \u00e9 a primeira vez que se inscribe nos nosos cursos complete os datos para REXISTRARSE* e siga as instrucci\u00f3ns que lle saian na pantalla. <span style=\"color: #0000ff;\"><strong>IMPORTANTE<\/strong><\/span>: Despois de rematar o seu rexistro, <strong>ter\u00e1 que activar todo o proceso dende unha mensaxe que chegar\u00e1 ao seu correo electr\u00f3nico<\/strong>. Revise a carpeta de <strong>SPAM<\/strong> se non a atopa na entrada.<\/li>\n<li>Unha vez que te\u00f1a accedido ou rexistrado, sega as instruci\u00f3ns que aparecen en pantalla para enviar a s\u00faa inscrici\u00f3n. Lembre que todas as inscrici\u00f3ns deber\u00e1n ser validadas posteriormente segundo os criterios de acceso marcadas para asistir a esta actividade de formaci\u00f3n.<\/li>\n<\/ol>\n<p>*T<strong>odos os\/as inscritos\/as<\/strong> deberan aportar documentaci\u00f3n espec\u00edfica durante o proceso de rexistro (unha copia do seu NIF e un documento que mostre a s\u00faa situaci\u00f3n laboral &#8211; <span style=\"color: #0000ff;\">unha copia dunha n\u00f3mina ou cabeceira desta, un nomeamento, unha captura de pantalla de datos persoais<\/span>&#8211; ou acad\u00e9mica).<\/p>\n<p><strong>Unha vez enviada a preinscrici\u00f3n, ANPE Lugo po\u00f1erase en contacto con vostede para confirmar a s\u00faa matr\u00edcula e realizar o pago correspondente.<\/strong><\/p>\n<p>Se ten alg\u00fanha d\u00fabida sobre esta actividade, contacte directamente con ANPE Lugo (lugo@anpe.es).<\/p>\n","protected":false},"excerpt":{"rendered":"<p>Curso de formaci\u00f3n do profesorado organizado por ANPE LUGO e que versar\u00e1 sobre gamificaci\u00f3n como t\u00e9cnica que nos permite empregar diversos recursos e ferramentas na aula.<\/p>\n<p>&nbsp;<\/p>\n","protected":false},"featured_media":0,"template":"","meta":[],"_links":{"self":[{"href":"https:\/\/cursosanpegalicia.es\/es\/wp-json\/wp\/v2\/product\/5049"}],"collection":[{"href":"https:\/\/cursosanpegalicia.es\/es\/wp-json\/wp\/v2\/product"}],"about":[{"href":"https:\/\/cursosanpegalicia.es\/es\/wp-json\/wp\/v2\/types\/product"}],"wp:attachment":[{"href":"https:\/\/cursosanpegalicia.es\/es\/wp-json\/wp\/v2\/media?parent=5049"}],"curies":[{"name":"wp","href":"https:\/\/api.w.org\/{rel}","templated":true}]}}