{"id":4931,"date":"2022-10-23T17:38:01","date_gmt":"2022-10-23T15:38:02","guid":{"rendered":"https:\/\/cursosanpegalicia.es\/?post_type=product&#038;p=4931"},"modified":"2022-11-02T11:07:39","modified_gmt":"2022-11-02T10:07:39","slug":"viii-jornadas-de-educacion","status":"publish","type":"product","link":"https:\/\/cursosanpegalicia.es\/es\/curso\/viii-jornadas-de-educacion\/","title":{"rendered":"VIII Xornadas do Ensino &#8211; Ciberseguridade no centro educativo"},"content":{"rendered":"<p style=\"text-align: justify;\">Xornada para concienciar ao profesorado da importancia dunha xesti\u00f3n responsable das RRSS ofrecendo contido sobre as mesmas e sobre o funcionamento e exposici\u00f3n do noso alumnado nas mesmas as\u00ed como o procedemento de actuaci\u00f3n no centro educativo \u00e1 este respecto.<\/p>\n<h3><span style=\"color: #000000;\"><strong>Objetivos<\/strong><\/span><\/h3>\n<ul>\n<li>Co\u00f1ecer os principais perigos do emprego de internet<\/li>\n<li>Previr situaci\u00f3ns de acoso e manipulaci\u00f3n<\/li>\n<li>Co\u00f1ecer os protocolos de actuaci\u00f3n no centro educativo<\/li>\n<li>Establecer o marco lexislativo en canto \u00e1 responsabilidade<\/li>\n<li>Usar de maneira segura e responsable as RRSS<\/li>\n<li>Achegarse \u00e1 investigaci\u00f3n de delitos na internet relacionados con menores<\/li>\n<\/ul>\n<h3><strong><span style=\"color: #000000;\">Contenido<\/span><\/strong><\/h3>\n<ol>\n<li>Principais perigos do emprego da internet<\/li>\n<li>Redes Sociais: liberdade ou manipulaci\u00f3n<\/li>\n<li>Responsabilidade dos docentes<\/li>\n<li>Uso seguro e responsable das novas tecnolox\u00edas: RRSS<\/li>\n<li>Delitos cometidos a trav\u00e9s da internet relacionados con menores<\/li>\n<\/ol>\n<h3><strong><span style=\"color: #000000;\">Ponente<\/span><\/strong><\/h3>\n<ul>\n<li><strong>Jos\u00e9 Antonio V\u00e1zquez Ta\u00edn.\u00a0<\/strong>Xu\u00edz da Sala do Penal da Coru\u00f1a, escritor, tertuliano e conferenciante,<\/li>\n<li><strong>Rafael Rodr\u00edguez Mart\u00edn.\u00a0\u00a0<\/strong>Director do CEIP Pluriling\u00fce Celso Emilio Ferreiro. Presidente Asociaci\u00f3n Provincial Equipos Directivos de Infantil e Primaria da provincia de A Coru\u00f1a, Colaborador en formaci\u00f3n de grados da Facultade de Educaci\u00f3n. Ponente en M\u00f3dulos de Formaci\u00f3n para a Funci\u00f3n Directiva. Colaborador de Formaci\u00f3n en Seminarios del CFR. Vicepresidente da Federaci\u00f3n de Administradores Educativos de Galicia<\/li>\n<li><strong>Antonio Caaveiro Rodr\u00edguez.\u00a0<\/strong>Oficial de Polic\u00eda do Grupo de Delicuencia Tecnol\u00f3xica da Brigada Provincial da Polic\u00eda Xudicial de A Coru\u00f1a.<\/li>\n<li><strong>Julio D\u00edaz Escolante.<\/strong>\u00a0Presidente de ANPE Galicia<\/li>\n<\/ul>\n<h3><strong>Como preinscribirse<\/strong><\/h3>\n<ol>\n<li>Pulse en ENGADIR AO CARRI\u00d1O.<\/li>\n<li>Pulse no icono da esquina superior dereita e logo en FINALIZAR PREINSCRICI\u00d3N.<\/li>\n<li>Se xa se inscribiu anteriormente nalgunha das nosas actividades acceda co seu NOME DE USUARIO (NIF) e CONTRASINAL. Se \u00e9 a primeira vez que se inscribe nos nosos cursos complete os datos para REXISTRARSE* e siga as instrucci\u00f3ns que lle saian na pantalla. <span style=\"color: #0000ff;\"><strong>IMPORTANTE<\/strong><\/span>: Despois de rematar o seu rexistro, <strong>ter\u00e1 que activar todo o proceso dende unha mensaxe que chegar\u00e1 ao seu correo electr\u00f3nico<\/strong>.<\/li>\n<li>Unha vez que te\u00f1a accedido ou rexistrado, sega as instrucci\u00f3ns que aparecen en pantalla para enviar a s\u00faa inscrici\u00f3n. Lembre que todas as inscrici\u00f3ns deber\u00e1n ser validadas posteriormente segundo os criterios de acceso marcadas para asistir a esta actividade de formaci\u00f3n.<\/li>\n<\/ol>\n<p>*Os <strong>usuarios non rexistrados<\/strong> deben aportar documentaci\u00f3n espec\u00edfica durante o proceso de rexistro (unha copia do seu NIF e un documento que mostre a s\u00faa situaci\u00f3n laboral &#8211;<span style=\"color: #0000ff;\">cunha copia dunha n\u00f3mina ou cabeceira desta, nomeamento ou captura de pantalla de datos persoais<\/span>&#8211; ou acad\u00e9mica).<\/p>\n<p><strong>Unha vez enviada a preinscrici\u00f3n, ANPE Coru\u00f1a po\u00f1erase en contacto con vostede para confirmar a s\u00faa matr\u00edcula e realizar o pago correspondente.<\/strong><\/p>\n<p>Se ten alg\u00fanha d\u00fabida sobre esta actividade, contacte directamente con ANPE Santiago (formacion@anpegalicia.es).<\/p>\n","protected":false},"excerpt":{"rendered":"<p>Curso de formaci\u00f3n organizado por ANPE LUGO sobre as diferentes linguaxes de programaci\u00f3n axeitadas para cada nivel educativo, valorando o uso de aulas maker como elemento transformador do centro educativo.<\/p>\n","protected":false},"featured_media":0,"template":"","meta":[],"_links":{"self":[{"href":"https:\/\/cursosanpegalicia.es\/es\/wp-json\/wp\/v2\/product\/4931"}],"collection":[{"href":"https:\/\/cursosanpegalicia.es\/es\/wp-json\/wp\/v2\/product"}],"about":[{"href":"https:\/\/cursosanpegalicia.es\/es\/wp-json\/wp\/v2\/types\/product"}],"wp:attachment":[{"href":"https:\/\/cursosanpegalicia.es\/es\/wp-json\/wp\/v2\/media?parent=4931"}],"curies":[{"name":"wp","href":"https:\/\/api.w.org\/{rel}","templated":true}]}}