{"id":3,"date":"2019-07-22T19:04:27","date_gmt":"2019-07-22T17:04:27","guid":{"rendered":"https:\/\/cursosanpegalicia.es\/?page_id=3"},"modified":"2021-02-25T11:33:51","modified_gmt":"2021-02-25T10:33:51","slug":"terminos-y-condiciones-de-compra","status":"publish","type":"page","link":"https:\/\/cursosanpegalicia.es\/es\/terminos-y-condiciones-de-compra\/","title":{"rendered":"T\u00e9rminos y condiciones de compra"},"content":{"rendered":"<h1 style=\"text-align: center;\"><strong>T\u00c9RMINOS Y CONDICIONES DE COMPRA ONLINE<\/strong><\/h1>\n<p style=\"text-align: justify;\">El uso de nuestros servicios as\u00ed como la compra de \u00e9stos, implicar\u00e1 que usted ha le\u00eddo y aceptado los T\u00e9rminos y Condiciones expresados en el presente documento.<\/p>\n<h2 style=\"text-align: justify;\"><strong>CONDICIONES DE COMPRA<\/strong><\/h2>\n<p style=\"text-align: justify;\">La realizaci\u00f3n de la solicitud mediante la cumplimentaci\u00f3n del formulario de solicitud de inscripci\u00f3n en el curso de formaci\u00f3n deseado, implica la conformidad con el precio ofertado y con las condiciones generales de venta vigentes en ese concreto momento. Una vez formalizada la solicitud, se entender\u00e1 perfeccionada la compra de pleno derecho, con todas las garant\u00edas legales que amparan al consumidor adquirente y, desde ese instante, los precios y condiciones tendr\u00e1n car\u00e1cter contractual y no podr\u00e1n ser modificados sin el expreso acuerdo de ambos contratantes.<\/p>\n<p style=\"text-align: justify;\">El gallego y castellano son las lenguas utilizadas en nuestra formaci\u00f3n y tambi\u00e9n las que se utilizar\u00e1n a la hora de formalizar la matr\u00edcula del alumno.<\/p>\n<p style=\"text-align: justify;\">El documento electr\u00f3nico que se genera con la inscripci\u00f3n en el curso se archivar\u00e1 en la base de datos de ANPE, junto con los documentos personales del usuario\/a en el expediente de alumno\/a.<\/p>\n<p style=\"text-align: justify;\">Los precios de los cursos de formaci\u00f3n est\u00e1n exentos de IVA.<\/p>\n<h2 style=\"text-align: justify;\"><strong>FORMA DE PAGO<\/strong><\/h2>\n<p style=\"text-align: justify;\">El pago por la preinscripci\u00f3n en los cursos de Formaci\u00f3n del Profesorado de ANPE se realiza mediante tarjeta de cr\u00e9dito\/d\u00e9bito o bien por ingreso o transferencia bancaria.<\/p>\n<p style=\"text-align: justify;\"><strong>Pago con tarjeta de cr\u00e9dito o d\u00e9bito<\/strong><\/p>\n<p style=\"text-align: justify;\">El sistema de pago con tarjeta es totalmente seguro, a trav\u00e9s de <a href=\"http:\/\/www.redsys.es\/\" target=\"_blank\" rel=\"noopener noreferrer\">REDSYS<\/a>, para asegurarnos la confidencialidad de los datos de nuestros clientes y evitar posibles compras fraudulentas. Los datos confidenciales son transmitidos directamente y de forma encriptada (SSL) a la entidad financiera correspondiente. El sistema de encriptaci\u00f3n SSL confiere total seguridad a la transmisi\u00f3n de datos a trav\u00e9s de la red.<\/p>\n<p style=\"text-align: justify;\">Los datos de las tarjetas de cr\u00e9dito no quedan registrados en ninguna base de datos de ANPE.<\/p>\n<p style=\"text-align: justify;\">La tarjeta deber\u00e1 estar activa para realizar transacciones por Internet. S\u00f3lo se admiten abonos en moneda europea (Euro) y tarjetas espa\u00f1olas, Visa, Mastercard, American Express,\u00a0Diners Club,\u00a0JCB,\u00a0Citicorp y, en general, aquellas aceptadas por Redsys.<\/p>\n<p style=\"text-align: justify;\">Realizado el pago mediante tarjeta, recibir\u00e1 un email de confirmaci\u00f3n de la preinscripci\u00f3n en el curso.<\/p>\n<p style=\"text-align: justify;\">En caso de no recibirlo, puede contactar con <span style=\"color: #ff0000;\"><strong>PONER MAIL<\/strong><\/span>.<\/p>\n<p style=\"text-align: justify;\"><strong>Pago por ingreso o trasferencia bancaria<\/strong><\/p>\n<p style=\"text-align: justify;\">El pago por transferencia bancaria se efectuar\u00e1 por ingreso o transferencia del importe de matr\u00edcula del curso en la cuenta que se especifique en cada una de las actividades de formaci\u00f3n que desee realizar, todas ellas pertenecientes a ANPE.<\/p>\n<h2 style=\"text-align: justify;\"><strong>TARIFAS DE ENV\u00cdO<\/strong><\/h2>\n<p style=\"text-align: justify;\">Por tratarse de formaci\u00f3n online no existen tarifas de env\u00edo, dado que el acceso a todos los materiales formativos se realiza a trav\u00e9s de la plataforma de formaci\u00f3n.<\/p>\n<p style=\"text-align: justify;\">El alumno tendr\u00e1 acceso al curso en el cual se encuentre inscrito una vez que se haya formalizado su matriculaci\u00f3n. Para ello deber\u00e1 acceder al portal de formaci\u00f3n de ANPE en el enlace <strong><span style=\"color: #ff0000;\">A\u00d1ADIR ENLACE PLATAFORMA ANPE GALICIA<\/span><\/strong>.<\/p>\n<p style=\"text-align: justify;\">Dicho acceso se realizar\u00e1 tras la introducci\u00f3n del usuario y contrase\u00f1a con los que, previamente, se haya registrado como alumno en la plataforma <strong><span style=\"color: #ff0000;\">A\u00d1ADIR ENLACE PLATAFORMA ANPE GALICIA<\/span><\/strong><span style=\"color: #000000;\">.<\/span><\/p>\n<h2 style=\"text-align: justify;\"><strong>PLAZO DE ENTREGA<\/strong><\/h2>\n<p style=\"text-align: justify;\">Por tratarse de formaci\u00f3n online, el acceso al material se realiza a trav\u00e9s de la plataforma de formaci\u00f3n. No cabe hablar, propiamente dicho, de plazos de entrega. En todo caso, se podr\u00e1 tener acceso a los materiales en la fecha prevista y anunciada para el inicio del curso. Para ello, el alumno deber\u00e1 estar previamente registrado pudiendo acceder a los materiales en la plataforma <strong><span style=\"color: #ff0000;\">A\u00d1ADIR ENLACE PLATAFORMA ANPE GALICIA<\/span><\/strong>.<\/p>\n<h2 style=\"text-align: justify;\"><strong>DEVOLUCIONES<\/strong><\/h2>\n<p style=\"text-align: justify;\">Si, con car\u00e1cter previo a la fecha prevista de inicio del curso, \u00e9ste es suspendido por insuficiencia de alumnos u otras razones organizativas, ANPE devolver\u00e1 el 100% del precio de matr\u00edcula abonado por el asistente, en el plazo m\u00e1s breve posible.<\/p>\n<h2 style=\"text-align: justify;\"><strong>DESESTIMIENTO<\/strong><\/h2>\n<p style=\"text-align: justify;\">Conforme se establece en la legislaci\u00f3n espa\u00f1ola, existe el derecho de desistimiento para aquellos contratos que se formalicen a distancia o fuera del establecimiento mercantil.<\/p>\n<p style=\"text-align: justify;\">Por tanto, en el caso de que haya contratado cualquiera de los cursos ofertados en la plataforma en su modalidad a distancia o fuera del establecimiento mercantil, se dispondr\u00e1 del derecho a desistir del curso en un plazo de catorce (14) d\u00edas a contar desde la fecha de formalizaci\u00f3n del contrato de matr\u00edcula, sin ning\u00fan tipo de justificaci\u00f3n ni penalizaci\u00f3n.<\/p>\n<p style=\"text-align: justify;\">No obstante lo anterior, y conforme a lo previsto en el art\u00edculo 103, apartado m) del Texto Refundido de la Ley de Defensa de los Consumidores y Usuarios, el derecho de desistimiento\u00a0no ser\u00e1 aplicable al suministro de contenido digital que no se preste en un soporte material cuando la ejecuci\u00f3n haya comenzado con el previo consentimiento expreso del consumidor y usuario, con el conocimiento por su parte de que en consecuencia pierde su derecho de desistimiento.<\/p>\n<p style=\"text-align: justify;\">Por ello, con la aceptaci\u00f3n de los presentes t\u00e9rminos y condiciones, el usuario que haya contratado un curso consistente en la ejecuci\u00f3n de contenidos digitales,\u00a0<strong>consiente de forma expresa que perder\u00e1 el derecho de desistimiento desde el momento en el que por su parte comience la ejecuci\u00f3n del contenido digital puesto a su disposici\u00f3n, no estando obligado ANPE, en ese caso, al reembolso de los importes satisfechos por el usuario con ocasi\u00f3n de la contrataci\u00f3n de los servicios de formaci\u00f3n<\/strong>.<\/p>\n<p style=\"text-align: justify;\">Para ejercer el derecho de desistimiento, y siempre y cuando el usuario no haya perdido el derecho al desistimiento por haber comenzado la ejecuci\u00f3n del contenido digital puesto a su disposici\u00f3n, el usuario deber\u00e1 notificar su decisi\u00f3n de desistir del contrato a trav\u00e9s de una declaraci\u00f3n inequ\u00edvoca mediante una comunicaci\u00f3n en tal sentido remitida por correo electr\u00f3nico a <strong><span style=\"color: #ff0000;\">A\u00d1ADIR CORREO ELECTR\u00d3NICO<\/span><\/strong> o por correo postal a ANPE, <strong><span style=\"color: #ff0000;\">A\u00d1ADIR DIRECCI\u00d3N POSTAL<\/span><\/strong>.<\/p>\n","protected":false},"excerpt":{"rendered":"<p>T\u00c9RMINOS Y CONDICIONES DE COMPRA ONLINE El uso de nuestros servicios as\u00ed como la compra de \u00e9stos, implicar\u00e1 que usted ha le\u00eddo y aceptado los T\u00e9rminos y Condiciones expresados en el presente documento. CONDICIONES DE COMPRA La realizaci\u00f3n de la solicitud mediante la cumplimentaci\u00f3n del formulario de solicitud de inscripci\u00f3n en el curso de formaci\u00f3n deseado, implica la conformidad con el precio ofertado y con las condiciones generales de venta vigentes en ese concreto momento. Una vez formalizada la solicitud, se entender\u00e1 perfeccionada la compra de pleno derecho, con todas las garant\u00edas legales que amparan al consumidor adquirente y, desde ese instante, los precios y condiciones tendr\u00e1n car\u00e1cter contractual y no podr\u00e1n ser modificados sin el expreso acuerdo de ambos contratantes. El gallego y castellano son las lenguas utilizadas en nuestra formaci\u00f3n y tambi\u00e9n las que se utilizar\u00e1n a la hora de formalizar la matr\u00edcula del alumno. El documento electr\u00f3nico que se genera con la inscripci\u00f3n en el curso se archivar\u00e1 en la base de datos de ANPE, junto con los documentos personales del usuario\/a en el expediente de alumno\/a. Los precios de los cursos de formaci\u00f3n est\u00e1n exentos de IVA. FORMA DE PAGO El pago por la preinscripci\u00f3n en los cursos de Formaci\u00f3n del Profesorado de ANPE se realiza mediante tarjeta de cr\u00e9dito\/d\u00e9bito o bien por ingreso o transferencia bancaria. Pago con tarjeta de cr\u00e9dito o d\u00e9bito El sistema de pago con tarjeta es totalmente seguro, a trav\u00e9s de REDSYS, para asegurarnos la confidencialidad de los datos de nuestros clientes y evitar posibles compras fraudulentas. Los datos confidenciales son transmitidos directamente y de forma encriptada (SSL) a la entidad financiera correspondiente. El sistema de encriptaci\u00f3n SSL confiere total seguridad a la transmisi\u00f3n de datos a trav\u00e9s de la red. Los datos de las tarjetas de cr\u00e9dito no quedan registrados en ninguna base de datos de ANPE. La tarjeta deber\u00e1 estar activa para realizar transacciones por Internet. S\u00f3lo se admiten abonos en moneda europea (Euro) y tarjetas espa\u00f1olas, Visa, Mastercard, American Express,\u00a0Diners Club,\u00a0JCB,\u00a0Citicorp y, en general, aquellas aceptadas por Redsys. Realizado el pago mediante tarjeta, recibir\u00e1 un email de confirmaci\u00f3n de la preinscripci\u00f3n en el curso. En caso de no recibirlo, puede contactar con PONER MAIL. Pago por ingreso o trasferencia bancaria El pago por transferencia bancaria se efectuar\u00e1 por ingreso o transferencia del importe de matr\u00edcula del curso en la cuenta que se especifique en cada una de las actividades de formaci\u00f3n que desee realizar, todas ellas pertenecientes a ANPE. TARIFAS DE ENV\u00cdO Por tratarse de formaci\u00f3n online no existen tarifas de env\u00edo, dado que el acceso a todos los materiales formativos se realiza a trav\u00e9s de la plataforma de formaci\u00f3n. El alumno tendr\u00e1 acceso al curso en el cual se encuentre inscrito una vez que se haya formalizado su matriculaci\u00f3n. Para ello deber\u00e1 acceder al portal de formaci\u00f3n de ANPE en el enlace A\u00d1ADIR ENLACE PLATAFORMA ANPE GALICIA. Dicho acceso se realizar\u00e1 tras la introducci\u00f3n del usuario y contrase\u00f1a con los que, previamente, se haya registrado como alumno en la plataforma A\u00d1ADIR ENLACE PLATAFORMA ANPE GALICIA. PLAZO DE ENTREGA Por tratarse de formaci\u00f3n online, el acceso al material se realiza a trav\u00e9s de la plataforma de formaci\u00f3n. No cabe hablar, propiamente dicho, de plazos de entrega. En todo caso, se podr\u00e1 tener acceso a los materiales en la fecha prevista y anunciada para el inicio del curso. Para ello, el alumno deber\u00e1 estar previamente registrado pudiendo acceder a los materiales en la plataforma A\u00d1ADIR ENLACE PLATAFORMA ANPE GALICIA. DEVOLUCIONES Si, con car\u00e1cter previo a la fecha prevista de inicio del curso, \u00e9ste es suspendido por insuficiencia de alumnos u otras razones organizativas, ANPE devolver\u00e1 el 100% del precio de matr\u00edcula abonado por el asistente, en el plazo m\u00e1s breve posible. DESESTIMIENTO Conforme se establece en la legislaci\u00f3n espa\u00f1ola, existe el derecho de desistimiento para aquellos contratos que se formalicen a distancia o fuera del establecimiento mercantil. Por tanto, en el caso de que haya contratado cualquiera de los cursos ofertados en la plataforma en su modalidad a distancia o fuera del establecimiento mercantil, se dispondr\u00e1 del derecho a desistir del curso en un plazo de catorce (14) d\u00edas a contar desde la fecha de formalizaci\u00f3n del contrato de matr\u00edcula, sin ning\u00fan tipo de justificaci\u00f3n ni penalizaci\u00f3n. No obstante lo anterior, y conforme a lo previsto en el art\u00edculo 103, apartado m) del Texto Refundido de la Ley de Defensa de los Consumidores y Usuarios, el derecho de desistimiento\u00a0no ser\u00e1 aplicable al suministro de contenido digital que no se preste en un soporte material cuando la ejecuci\u00f3n haya comenzado con el previo consentimiento expreso del consumidor y usuario, con el conocimiento por su parte de que en consecuencia pierde su derecho de desistimiento. Por ello, con la aceptaci\u00f3n de los presentes t\u00e9rminos y condiciones, el usuario que haya contratado un curso consistente en la ejecuci\u00f3n de contenidos digitales,\u00a0consiente de forma expresa que perder\u00e1 el derecho de desistimiento desde el momento en el que por su parte comience la ejecuci\u00f3n del contenido digital puesto a su disposici\u00f3n, no estando obligado ANPE, en ese caso, al reembolso de los importes satisfechos por el usuario con ocasi\u00f3n de la contrataci\u00f3n de los servicios de formaci\u00f3n. Para ejercer el derecho de desistimiento, y siempre y cuando el usuario no haya perdido el derecho al desistimiento por haber comenzado la ejecuci\u00f3n del contenido digital puesto a su disposici\u00f3n, el usuario deber\u00e1 notificar su decisi\u00f3n de desistir del contrato a trav\u00e9s de una declaraci\u00f3n inequ\u00edvoca mediante una comunicaci\u00f3n en tal sentido remitida por correo electr\u00f3nico a A\u00d1ADIR CORREO ELECTR\u00d3NICO o por correo postal a ANPE, A\u00d1ADIR DIRECCI\u00d3N POSTAL.<\/p>\n","protected":false},"author":1,"featured_media":0,"parent":0,"menu_order":0,"comment_status":"closed","ping_status":"closed","template":"","meta":[],"_links":{"self":[{"href":"https:\/\/cursosanpegalicia.es\/es\/wp-json\/wp\/v2\/pages\/3"}],"collection":[{"href":"https:\/\/cursosanpegalicia.es\/es\/wp-json\/wp\/v2\/pages"}],"about":[{"href":"https:\/\/cursosanpegalicia.es\/es\/wp-json\/wp\/v2\/types\/page"}],"author":[{"embeddable":true,"href":"https:\/\/cursosanpegalicia.es\/es\/wp-json\/wp\/v2\/users\/1"}],"replies":[{"embeddable":true,"href":"https:\/\/cursosanpegalicia.es\/es\/wp-json\/wp\/v2\/comments?post=3"}],"version-history":[{"count":0,"href":"https:\/\/cursosanpegalicia.es\/es\/wp-json\/wp\/v2\/pages\/3\/revisions"}],"wp:attachment":[{"href":"https:\/\/cursosanpegalicia.es\/es\/wp-json\/wp\/v2\/media?parent=3"}],"curies":[{"name":"wp","href":"https:\/\/api.w.org\/{rel}","templated":true}]}}