{"id":2094,"date":"2020-05-07T11:18:40","date_gmt":"2020-05-07T09:18:40","guid":{"rendered":"https:\/\/cursosanpegalicia.es\/?page_id=2094"},"modified":"2025-02-11T13:47:58","modified_gmt":"2025-02-11T12:47:58","slug":"centro-universitario-de-idiomas-digital-y-a-distancia","status":"publish","type":"page","link":"https:\/\/cursosanpegalicia.es\/es\/centro-universitario-de-idiomas-digital-y-a-distancia\/","title":{"rendered":"Centro Universitario de Idiomas Digital y a Distancia"},"content":{"rendered":"[vc_row gap=\u00bb0&#8243; element_id=\u00bb299993&#8243; element_css=\u00bb.vc-row-299993 .top-gradient {background:linear-gradient(to bottom, #ffffff 0%,rgba(255,255,255,0) 100%);}.vc-row-299993 .bottom-gradient {background:linear-gradient(to top, #ffffff 0%,rgba(255,255,255,0) 100%);}\u00bb top_gradient=\u00bbtrue\u00bb bottom_gradient=\u00bbtrue\u00bb css=\u00bb.vc_custom_1590572584252{padding-top: 0px !important;padding-bottom: 20px !important;background-image: url(\/wp-content\/uploads\/map_transparent_dark.png?id=185) !important;background-position: center !important;background-repeat: no-repeat !important;background-size: contain !important;}\u00bb gradient_color=\u00bb#ffffff\u00bb][vc_column animation_delay=\u00bb0&#8243; element_id=\u00bb159461&#8243; offset=\u00bbvc_col-lg-12 vc_col-md-12 vc_col-xs-12&#8243; crp=\u00bb480:i:i,480-768:i:i,768-1024:i:i,1024-1280:i:i,1280-1366:i:i,1366-1600:i:i,1600-1920:i:i\u00bb]<h1 class=\"et-heading text-align-center tablet-text-align-inherit mobile-text-align-inherit animate-true words-direct hidden\" id=\"et-heading-502781\" data-delay=\"0\" data-mobile-font=\"32px\" data-mobile-line-height=\"32px\" data-tablet-landscape-font=\"inherit\" data-tablet-portrait-font=\"inherit\" data-tablet-landscape-line-height=\"inherit\" data-tablet-portrait-line-height=\"inherit\" data-parallax=\"false\" data-move=\"false\" data-coordinatex=\"0\" data-coordinatey=\"0\" data-speed=\"10\"><span class=\"text-wrapper\"><span class=\"text\">Cursos de idiomas <span class=\"highlight\" style=\"color: #02aeff; font-weight: bold;\">UNED<\/span><\/span><\/span><\/h1>[vc_separator color=\u00bbcustom\u00bb border_width=\u00bb2&#8243; el_width=\u00bb10&#8243; accent_color=\u00bb#02aeff\u00bb css=\u00bb.vc_custom_1566464886935{margin-top: 10px !important;}\u00bb]<span class=\"et-gap et-clearfix et-gap-826300\"><\/span>[vc_row_inner][vc_column_inner width=\u00bb1\/4&#8243;][\/vc_column_inner][vc_column_inner width=\u00bb1\/2&#8243;][vc_single_image image=\u00bb2182&#8243; img_size=\u00bblarge\u00bb alignment=\u00bbcenter\u00bb][\/vc_column_inner][vc_column_inner width=\u00bb1\/4&#8243;][\/vc_column_inner][\/vc_row_inner][vc_row_inner element_id=\u00bb55672&#8243; css=\u00bb.vc_custom_1583409138314{padding-top: 32px !important;padding-bottom: 32px !important;}\u00bb][vc_column_inner][vc_column_text animation_delay=\u00bb0&#8243;]\n<p style=\"text-align: justify;\"><strong>ANPE Sindicato Independiente<\/strong> ha establecido un convenio con la <strong>Universidad Nacional de Educaci\u00f3n a Distancia (UNED), <\/strong>para ofrecer cursos de formaci\u00f3n y prueba de certificaci\u00f3n para la obtenci\u00f3n de los t\u00edtulos <strong>B1, B2, C1 y C2 en distintos idiomas<\/strong> <strong>(ingl\u00e9s, franc\u00e9s, alem\u00e1n, portugu\u00e9s, italiano, lenguas cooficiales, etc<\/strong>).<strong><br \/>\n<\/strong><\/p>\n<p style=\"text-align: justify;\"><strong>Idiomas<\/strong>: El CUID, Centro Universitario de Idiomas Digital y a Distancia de la UNED promueve el aprendizaje de idiomas (incluidos el espa\u00f1ol y las lenguas cooficiales de Espa\u00f1a), en colaboraci\u00f3n con los centros asociados colaboradores. Los niveles est\u00e1n adaptados a los del Marco Com\u00fan Europeo de Referencia para las Lenguas (MCERL).<\/p>\n<p style=\"text-align: justify;\"><strong>Acreditaci\u00f3n y reconocimiento:<\/strong> El CUID emite un certificado gratuito por cada nivel superado. Los certificados, incluyen un c\u00f3digo de verificaci\u00f3n cuya autenticidad podr\u00e1 ser comprobada por cualquier organismo, y tienen el mismo reconocimiento acad\u00e9mico que el diploma, tambi\u00e9n disponible abonando 20\u20ac.<\/p>\n<p><strong>V\u00e1lido para sexenios: <\/strong>El Ministerio de Educaci\u00f3n, en la Orden EDU\/2886\/2011, reconoce los certificados de cualquier nivel del CUID a efectos de acreditaci\u00f3n de formaci\u00f3n permanente. La valoraci\u00f3n ser\u00e1 de 100 horas de formaci\u00f3n por nivel, aplicables a concursos de traslados y sexenios. Las personas que deseen este reconocimiento deben solicitarlo a trav\u00e9s del campus virtual de la UNED.[\/vc_column_text]<span class=\"et-gap et-clearfix et-gap-826300\"><\/span>[vc_btn title=\u00bbVer en UNED la informaci\u00f3n completa\u00bb style=\u00bboutline\u00bb shape=\u00bbsquare\u00bb color=\u00bbsky\u00bb size=\u00bblg\u00bb align=\u00bbcenter\u00bb i_align=\u00bbright\u00bb i_icon_fontawesome=\u00bbfas fa-chevron-right\u00bb add_icon=\u00bbtrue\u00bb el_class=\u00bbboton-matricular\u00bb link=\u00bburl:https%3A%2F%2Fwww.uned.es%2Funiversidad%2Finicio%2Festudios%2Fidiomas.html||target:%20_blank|\u00bb][\/vc_column_inner][\/vc_row_inner]<div class=\"et-tab-wrapper\"><div id=\"et-tab-1\" class=\"et-tab et-clearfix center-false vertical\"><div data-target=\"tab-metodologia\" class=\"active tab et-clearfix\"><span class=\"icon fab fa-leanpub\"><\/span><h6 class=\"tab-title-tag\">Metodolog\u00eda<\/h6><\/div> <div id=\"tab-metodologia-1\" class=\"tab-content et-clearfix\">[vc_row_inner][vc_column_inner]<h3 class=\"et-heading text-align-left tablet-text-align-inherit mobile-text-align-inherit animate-false no-animation-type\" id=\"et-heading-803885\" data-delay=\"0\" data-mobile-font=\"24px\" data-mobile-line-height=\"24px\" data-tablet-landscape-font=\"inherit\" data-tablet-portrait-font=\"inherit\" data-tablet-landscape-line-height=\"inherit\" data-tablet-portrait-line-height=\"inherit\" data-parallax=\"false\" data-move=\"false\" data-coordinatex=\"0\" data-coordinatey=\"0\" data-speed=\"10\"><span class=\"text-wrapper\"><span class=\"text\">Metodolog\u00eda<\/span><\/span><\/h3>[vc_column_text animation_delay=\u00bb0&#8243;]\n<p style=\"text-align: justify;\">Los cursos de idiomas de la <strong>UNED<\/strong> se realizan en las modalidades semipresencial y online. La duraci\u00f3n del curso es, en ambos casos, de 150 horas lectivas.<\/p>\n[\/vc_column_text]<span class=\"et-gap et-clearfix et-gap-647077\"><\/span>[vc_btn title=\u00bbM\u00e1s informaci\u00f3n\u00bb style=\u00bboutline\u00bb shape=\u00bbsquare\u00bb color=\u00bbsky\u00bb size=\u00bblg\u00bb align=\u00bbcenter\u00bb i_align=\u00bbright\u00bb i_icon_fontawesome=\u00bbfas fa-chevron-right\u00bb add_icon=\u00bbtrue\u00bb el_class=\u00bbboton-matricular\u00bb link=\u00bburl:https%3A%2F%2Fsso.uned.es%2Fsso%2Findex.aspx%3FURL%3Dhttps%3A%2F%2Flogin.uned.es%2Fssouned%2Flogin.jsp||target:%20_blank|\u00bb][\/vc_column_inner][\/vc_row_inner]<\/div><div data-target=\"tab-matricula\" class=\"false tab et-clearfix\"><span class=\"icon far fa-edit\"><\/span><h6 class=\"tab-title-tag\">Matr\u00edcula<\/h6><\/div> <div id=\"tab-matricula-2\" class=\"tab-content et-clearfix\">[vc_row_inner gap=\u00bb48&#8243; element_id=\u00bb949476&#8243;][vc_column_inner offset=\u00bbvc_col-lg-12 vc_col-md-12 vc_col-xs-12&#8243;]<h3 class=\"et-heading text-align-left tablet-text-align-inherit mobile-text-align-inherit animate-false no-animation-type\" id=\"et-heading-757100\" data-delay=\"0\" data-mobile-font=\"24px\" data-mobile-line-height=\"24px\" data-tablet-landscape-font=\"inherit\" data-tablet-portrait-font=\"inherit\" data-tablet-landscape-line-height=\"inherit\" data-tablet-portrait-line-height=\"inherit\" data-parallax=\"false\" data-move=\"false\" data-coordinatex=\"0\" data-coordinatey=\"0\" data-speed=\"10\"><span class=\"text-wrapper\"><span class=\"text\">Matr\u00edcula<\/span><\/span><\/h3>[vc_column_text animation_delay=\u00bb0&#8243;]El plazo de matr\u00edcula en los cursos de idiomas de la UNED se abre habitualmente en el mes de <strong>septiembre<\/strong> hasta el mes de <strong>noviembre<\/strong>.<\/p>\n<p>Para matricularte, previamente tendr\u00e1s que registrarte en el <span style=\"color: #00ccff;\"><a style=\"color: #00ccff;\" href=\"https:\/\/sso.uned.es\/sso\/index.aspx\" target=\"_blank\" rel=\"noopener noreferrer\">Campus virtual de la UNED<\/a><\/span>.[\/vc_column_text]<span class=\"et-gap et-clearfix et-gap-647077\"><\/span>[vc_btn title=\u00bbAcceso a matr\u00edcula\u00bb style=\u00bboutline\u00bb shape=\u00bbsquare\u00bb color=\u00bbsky\u00bb size=\u00bblg\u00bb align=\u00bbcenter\u00bb i_align=\u00bbright\u00bb i_icon_fontawesome=\u00bbfas fa-chevron-right\u00bb add_icon=\u00bbtrue\u00bb el_class=\u00bbboton-matricular\u00bb link=\u00bburl:http%3A%2F%2Fportal.uned.es%2Fportal%2Fpage%3F_pageid%3D93%2C70597293%26_dad%3Dportal%26_schema%3DPORTAL||target:%20_blank|\u00bb][\/vc_column_inner][\/vc_row_inner]<\/div><div data-target=\"tab-precios\" class=\"false tab et-clearfix\"><span class=\"icon fad fa-euro-sign\"><\/span><h6 class=\"tab-title-tag\">Precios<\/h6><\/div> <div id=\"tab-precios-3\" class=\"tab-content et-clearfix\">[vc_row_inner gap=\u00bb48&#8243; element_id=\u00bb949476&#8243;][vc_column_inner offset=\u00bbvc_col-lg-12 vc_col-md-12 vc_col-xs-12&#8243;]<h3 class=\"et-heading text-align-left tablet-text-align-inherit mobile-text-align-inherit animate-false no-animation-type\" id=\"et-heading-707919\" data-delay=\"0\" data-mobile-font=\"24px\" data-mobile-line-height=\"24px\" data-tablet-landscape-font=\"inherit\" data-tablet-portrait-font=\"inherit\" data-tablet-landscape-line-height=\"inherit\" data-tablet-portrait-line-height=\"inherit\" data-parallax=\"false\" data-move=\"false\" data-coordinatex=\"0\" data-coordinatey=\"0\" data-speed=\"10\"><span class=\"text-wrapper\"><span class=\"text\">Precios<\/span><\/span><\/h3>[vc_column_text animation_delay=\u00bb0&#8243;]\n<p style=\"text-align: justify;\">Los afiliados de ANPE (circunstancia que deber\u00e1 hacerse constar en el momento de la matr\u00edcula), est\u00e1n sometidos, por convenio, al precio bonificado de la matr\u00edcula en cursos de idiomas de las modalidades en l\u00ednea y semipresencial, y en el examen libre para acreditar nivel.<\/p>\n[\/vc_column_text]<span class=\"et-gap et-clearfix et-gap-647077\"><\/span>[vc_btn title=\u00bbConsultar convenios\u00bb style=\u00bboutline\u00bb shape=\u00bbsquare\u00bb color=\u00bbsky\u00bb size=\u00bblg\u00bb align=\u00bbcenter\u00bb i_align=\u00bbright\u00bb i_icon_fontawesome=\u00bbfas fa-chevron-right\u00bb add_icon=\u00bbtrue\u00bb el_class=\u00bbboton-matricular\u00bb link=\u00bburl:http%3A%2F%2Fportal.uned.es%2Fportal%2Fpage%3F_pageid%3D93%2C52800175%26_dad%3Dportal%26_schema%3DPORTAL%26menu%3Dconvenios||target:%20_blank|\u00bb][\/vc_column_inner][\/vc_row_inner]<\/div><\/div><\/div><span class=\"et-gap et-clearfix et-gap-811460\"><\/span>[\/vc_column][\/vc_row]\n","protected":false},"excerpt":{"rendered":"<p>[vc_row gap=\u00bb0&#8243; element_id=\u00bb299993&#8243; element_css=\u00bb.vc-row-299993 .top-gradient {background:linear-gradient(to bottom, #ffffff 0%,rgba(255,255,255,0) 100%);}.vc-row-299993 .bottom-gradient {background:linear-gradient(to top, #ffffff 0%,rgba(255,255,255,0) 100%);}\u00bb top_gradient=\u00bbtrue\u00bb bottom_gradient=\u00bbtrue\u00bb css=\u00bb.vc_custom_1590572584252{padding-top: 0px !important;padding-bottom: 20px !important;background-image: url(\/wp-content\/uploads\/map_transparent_dark.png?id=185) !important;background-position: center !important;background-repeat: no-repeat !important;background-size: contain !important;}\u00bb gradient_color=\u00bb#ffffff\u00bb][vc_column animation_delay=\u00bb0&#8243; element_id=\u00bb159461&#8243; offset=\u00bbvc_col-lg-12 vc_col-md-12 vc_col-xs-12&#8243; crp=\u00bb480:i:i,480-768:i:i,768-1024:i:i,1024-1280:i:i,1280-1366:i:i,1366-1600:i:i,1600-1920:i:i\u00bb][vc_separator color=\u00bbcustom\u00bb border_width=\u00bb2&#8243; el_width=\u00bb10&#8243; accent_color=\u00bb#02aeff\u00bb css=\u00bb.vc_custom_1566464886935{margin-top: 10px !important;}\u00bb][vc_row_inner][vc_column_inner width=\u00bb1\/4&#8243;][\/vc_column_inner][vc_column_inner width=\u00bb1\/2&#8243;][vc_single_image image=\u00bb2182&#8243; img_size=\u00bblarge\u00bb alignment=\u00bbcenter\u00bb][\/vc_column_inner][vc_column_inner width=\u00bb1\/4&#8243;][\/vc_column_inner][\/vc_row_inner][vc_row_inner element_id=\u00bb55672&#8243; css=\u00bb.vc_custom_1583409138314{padding-top: 32px !important;padding-bottom: 32px !important;}\u00bb][vc_column_inner][vc_column_text animation_delay=\u00bb0&#8243;] ANPE Sindicato Independiente ha establecido un convenio con la Universidad Nacional de Educaci\u00f3n a Distancia (UNED), para ofrecer cursos de formaci\u00f3n y prueba de certificaci\u00f3n para la obtenci\u00f3n de los t\u00edtulos B1, B2, C1 y C2 en distintos idiomas (ingl\u00e9s, franc\u00e9s, alem\u00e1n, portugu\u00e9s, italiano, lenguas cooficiales, etc). Idiomas: El CUID, Centro Universitario de Idiomas Digital y a Distancia de la UNED promueve el aprendizaje de idiomas (incluidos el espa\u00f1ol y las lenguas cooficiales de Espa\u00f1a), en colaboraci\u00f3n con los centros asociados colaboradores. Los niveles est\u00e1n adaptados a los del Marco Com\u00fan Europeo de Referencia para las Lenguas (MCERL). Acreditaci\u00f3n y reconocimiento: El CUID emite un certificado gratuito por cada nivel superado. Los certificados, incluyen un c\u00f3digo de verificaci\u00f3n cuya autenticidad podr\u00e1 ser comprobada por cualquier organismo, y tienen el mismo reconocimiento acad\u00e9mico que el diploma, tambi\u00e9n disponible abonando 20\u20ac. V\u00e1lido para sexenios: El Ministerio de Educaci\u00f3n, en la Orden EDU\/2886\/2011, reconoce los certificados de cualquier nivel del CUID a efectos de acreditaci\u00f3n de formaci\u00f3n permanente. La valoraci\u00f3n ser\u00e1 de 100 horas de formaci\u00f3n por nivel, aplicables a concursos de traslados y sexenios. Las personas que deseen este reconocimiento deben solicitarlo a trav\u00e9s del campus virtual de la UNED.[\/vc_column_text][vc_btn title=\u00bbVer en UNED la informaci\u00f3n completa\u00bb style=\u00bboutline\u00bb shape=\u00bbsquare\u00bb color=\u00bbsky\u00bb size=\u00bblg\u00bb align=\u00bbcenter\u00bb i_align=\u00bbright\u00bb i_icon_fontawesome=\u00bbfas fa-chevron-right\u00bb add_icon=\u00bbtrue\u00bb el_class=\u00bbboton-matricular\u00bb link=\u00bburl:https%3A%2F%2Fwww.uned.es%2Funiversidad%2Finicio%2Festudios%2Fidiomas.html||target:%20_blank|\u00bb][\/vc_column_inner][\/vc_row_inner][\/vc_column][\/vc_row]<\/p>\n","protected":false},"author":1,"featured_media":0,"parent":0,"menu_order":0,"comment_status":"closed","ping_status":"closed","template":"page-vc.php","meta":[],"_links":{"self":[{"href":"https:\/\/cursosanpegalicia.es\/es\/wp-json\/wp\/v2\/pages\/2094"}],"collection":[{"href":"https:\/\/cursosanpegalicia.es\/es\/wp-json\/wp\/v2\/pages"}],"about":[{"href":"https:\/\/cursosanpegalicia.es\/es\/wp-json\/wp\/v2\/types\/page"}],"author":[{"embeddable":true,"href":"https:\/\/cursosanpegalicia.es\/es\/wp-json\/wp\/v2\/users\/1"}],"replies":[{"embeddable":true,"href":"https:\/\/cursosanpegalicia.es\/es\/wp-json\/wp\/v2\/comments?post=2094"}],"version-history":[{"count":1,"href":"https:\/\/cursosanpegalicia.es\/es\/wp-json\/wp\/v2\/pages\/2094\/revisions"}],"predecessor-version":[{"id":7827,"href":"https:\/\/cursosanpegalicia.es\/es\/wp-json\/wp\/v2\/pages\/2094\/revisions\/7827"}],"wp:attachment":[{"href":"https:\/\/cursosanpegalicia.es\/es\/wp-json\/wp\/v2\/media?parent=2094"}],"curies":[{"name":"wp","href":"https:\/\/api.w.org\/{rel}","templated":true}]}}